{"id":7415,"date":"2026-03-05T10:59:55","date_gmt":"2026-03-05T10:59:55","guid":{"rendered":"https:\/\/madridtoursbysara.com\/?page_id=7415"},"modified":"2026-03-05T11:06:25","modified_gmt":"2026-03-05T11:06:25","slug":"tours-tematicos","status":"publish","type":"page","link":"https:\/\/madridtoursbysara.com\/en\/tours-tematicos\/","title":{"rendered":"Tours tem\u00e1ticos"},"content":{"rendered":"\t\t<div data-elementor-type=\"wp-page\" data-elementor-id=\"7415\" class=\"elementor elementor-7415\">\n\t\t\t\t<div class=\"elementor-element elementor-element-b4efeea e-flex e-con-boxed e-con e-parent\" data-id=\"b4efeea\" data-element_type=\"container\" data-e-type=\"container\" data-settings=\"{&quot;background_background&quot;:&quot;slideshow&quot;,&quot;background_slideshow_gallery&quot;:[{&quot;id&quot;:7414,&quot;url&quot;:&quot;https:\\\/\\\/madridtoursbysara.com\\\/wp-content\\\/uploads\\\/2026\\\/02\\\/PXL_20260226_104310076.MP_-scaled.jpg&quot;},{&quot;id&quot;:7413,&quot;url&quot;:&quot;https:\\\/\\\/madridtoursbysara.com\\\/wp-content\\\/uploads\\\/2026\\\/02\\\/PXL_20260226_103724321.MP_-scaled.jpg&quot;}],&quot;background_slideshow_loop&quot;:&quot;yes&quot;,&quot;background_slideshow_slide_duration&quot;:5000,&quot;background_slideshow_slide_transition&quot;:&quot;fade&quot;,&quot;background_slideshow_transition_duration&quot;:500}\">\n\t\t\t\t\t<div class=\"e-con-inner\">\n\t\t\t\t<div class=\"elementor-element elementor-element-ce0f48d elementor-invisible elementor-widget elementor-widget-heading\" data-id=\"ce0f48d\" data-element_type=\"widget\" data-e-type=\"widget\" data-settings=\"{&quot;_animation&quot;:&quot;togo-fade-in-up&quot;}\" data-widget_type=\"heading.default\">\n\t\t\t\t\t<h1 class=\"elementor-heading-title elementor-size-default\">Tours tem\u00e1ticos en Madrid<\/h1>\t\t\t\t<\/div>\n\t\t\t\t<div class=\"elementor-element elementor-element-15dda0d elementor-widget__width-initial elementor-invisible elementor-widget elementor-widget-heading\" data-id=\"15dda0d\" data-element_type=\"widget\" data-e-type=\"widget\" data-settings=\"{&quot;_animation&quot;:&quot;togo-fade-in-up&quot;}\" data-widget_type=\"heading.default\">\n\t\t\t\t\t<h2 class=\"elementor-heading-title elementor-size-default\">Descubre Madrid de una forma diferente, con tours tem\u00e1ticos basados en zonas y espacios hist\u00f3ricos de la ciudad.<br><br><b>Puedo adaptar cualquier visita\n\na tus preferencias e intereses. No dudes en consultarme.<\/b><\/h2>\t\t\t\t<\/div>\n\t\t\t\t\t<\/div>\n\t\t\t\t<\/div>\n\t\t<div class=\"elementor-element elementor-element-98b45b8 e-con-full e-flex e-con e-parent\" data-id=\"98b45b8\" data-element_type=\"container\" data-e-type=\"container\" data-settings=\"{&quot;background_background&quot;:&quot;classic&quot;}\">\n\t\t\t\t<div class=\"elementor-element elementor-element-5ff6d50 elementor-widget elementor-widget-togo-trip-grid\" data-id=\"5ff6d50\" data-element_type=\"widget\" data-e-type=\"widget\" data-widget_type=\"togo-trip-grid.default\">\n\t\t\t\t<div class=\"elementor-widget-container\">\n\t\t\t\t\t<div class=\"togo-trip-grid togo-row togo-row-cols-xl-3 togo-row-cols-lg-3 togo-row-cols-md-3 togo-row-cols-sm-2 togo-row-cols-xs-1\"><article class=\"type-trip togo-column type-trip-grid-03\">\r\n    <div class=\"trip-inner\">\r\n                        <div class=\"trip-content\">\r\n\r\n            <h3 class=\"trip-title\"><a href=\"https:\/\/madridtoursbysara.com\/en\/togo_trip\/monasterio-de-las-descalzas-reales\/\" rel=\"bookmark\">MONASTERIO DE LAS DESCALZAS REALES<\/a><\/h3>            <div class=\"trip-info\"><\/div>                        <div class=\"trip-footer\">\r\n                                <div class=\"trip-price\"><span class=\"prefix\">from<\/span><span class=\"regular-price price\"><\/span><\/div>            <\/div>\r\n        <\/div>\r\n    <\/div>\r\n<\/article><article class=\"type-trip togo-column type-trip-grid-03\">\r\n    <div class=\"trip-inner\">\r\n                <div class=\"trip-thumbnail\"><a href=\"https:\/\/madridtoursbysara.com\/en\/togo_trip\/museo-del-prado-para-ninos\/\"><img decoding=\"async\" src=\"https:\/\/madridtoursbysara.com\/wp-content\/uploads\/2025\/07\/madrid-1758045_1280-600x450.jpg\" alt=\"MUSEO DEL PRADO PARA NI\u00d1OS\"><\/a><\/div>        <div class=\"trip-content\">\r\n\r\n            <h3 class=\"trip-title\"><a href=\"https:\/\/madridtoursbysara.com\/en\/togo_trip\/museo-del-prado-para-ninos\/\" rel=\"bookmark\">MUSEO DEL PRADO PARA NI\u00d1OS<\/a><\/h3>            <div class=\"trip-info\"><\/div>            <div class=\"trip-description\"><p>Home Tambi\u00e9n te puede interesar&#8230;<\/p><\/div>            <div class=\"trip-footer\">\r\n                                <div class=\"trip-price\"><span class=\"prefix\">from<\/span><span class=\"regular-price price\"><\/span><\/div>            <\/div>\r\n        <\/div>\r\n    <\/div>\r\n<\/article><\/div>        <div class=\"itinerary-popup\"><\/div>\r\n    \t\t\t\t<\/div>\n\t\t\t\t<\/div>\n\t\t\t\t<div class=\"elementor-element elementor-element-90f9447 elementor-align-center elementor-invisible elementor-widget elementor-widget-button\" data-id=\"90f9447\" data-element_type=\"widget\" data-e-type=\"widget\" data-settings=\"{&quot;_animation&quot;:&quot;togo-fade-in-up&quot;}\" data-widget_type=\"button.default\">\n\t\t\t\t\t\t\t\t\t\t<a class=\"elementor-button elementor-button-link elementor-size-sm elementor-animation-grow\" href=\"https:\/\/madridtoursbysara.com\/contacto\/\">\n\t\t\t\t\t\t<span class=\"elementor-button-content-wrapper\">\n\t\t\t\t\t\t\t\t\t<span class=\"elementor-button-text\">CONTACTA Y RESERVA<\/span>\n\t\t\t\t\t<\/span>\n\t\t\t\t\t<\/a>\n\t\t\t\t\t\t\t\t<\/div>\n\t\t\t\t<\/div>\n\t\t\t\t<\/div>\n\t\t","protected":false},"excerpt":{"rendered":"<p>Tours tem\u00e1ticos en Madrid Descubre Madrid de una forma diferente, con tours tem\u00e1ticos basados en zonas y espacios hist\u00f3ricos de la ciudad. Puedo adaptar cualquier visita a tus preferencias e intereses. No dudes en consultarme. MUSEO DEL PRADO PARA NI\u00d1OS Home Tambi\u00e9n te puede interesar&#8230; from CONTACTA Y RESERVA<\/p>","protected":false},"author":1,"featured_media":0,"parent":0,"menu_order":0,"comment_status":"closed","ping_status":"closed","template":"elementor_header_footer","meta":{"footnotes":""},"class_list":["post-7415","page","type-page","status-publish","hentry"],"yoast_head":"<!-- This site is optimized with the Yoast SEO plugin v26.9 - https:\/\/yoast.com\/product\/yoast-seo-wordpress\/ -->\n<title>Tours tem\u00e1ticos - MadridToursbySara<\/title>\n<meta name=\"robots\" content=\"index, follow, max-snippet:-1, max-image-preview:large, max-video-preview:-1\" \/>\n<link rel=\"canonical\" href=\"https:\/\/madridtoursbysara.com\/en\/tours-tematicos\/\" \/>\n<meta property=\"og:locale\" content=\"en_GB\" \/>\n<meta property=\"og:type\" content=\"article\" \/>\n<meta property=\"og:title\" content=\"Tours tem\u00e1ticos - MadridToursbySara\" \/>\n<meta property=\"og:description\" content=\"Tours tem\u00e1ticos en Madrid Descubre Madrid de una forma diferente, con tours tem\u00e1ticos basados en zonas y espacios hist\u00f3ricos de la ciudad. Puedo adaptar cualquier visita a tus preferencias e intereses. No dudes en consultarme. MUSEO DEL PRADO PARA NI\u00d1OS Home Tambi\u00e9n te puede interesar&#8230; from CONTACTA Y RESERVA\" \/>\n<meta property=\"og:url\" content=\"https:\/\/madridtoursbysara.com\/en\/tours-tematicos\/\" \/>\n<meta property=\"og:site_name\" content=\"MadridToursbySara\" \/>\n<meta property=\"article:modified_time\" content=\"2026-03-05T11:06:25+00:00\" \/>\n<meta property=\"og:image\" content=\"https:\/\/madridtoursbysara.com\/wp-content\/uploads\/2025\/07\/madrid-1758045_1280-600x450.jpg\" \/>\n<meta name=\"twitter:card\" content=\"summary_large_image\" \/>\n<meta name=\"twitter:label1\" content=\"Estimated reading time\" \/>\n\t<meta name=\"twitter:data1\" content=\"1 minute\" \/>\n<script type=\"application\/ld+json\" class=\"yoast-schema-graph\">{\"@context\":\"https:\/\/schema.org\",\"@graph\":[{\"@type\":\"WebPage\",\"@id\":\"https:\/\/madridtoursbysara.com\/tours-tematicos\/\",\"url\":\"https:\/\/madridtoursbysara.com\/tours-tematicos\/\",\"name\":\"Tours tem\u00e1ticos - MadridToursbySara\",\"isPartOf\":{\"@id\":\"https:\/\/madridtoursbysara.com\/#website\"},\"primaryImageOfPage\":{\"@id\":\"https:\/\/madridtoursbysara.com\/tours-tematicos\/#primaryimage\"},\"image\":{\"@id\":\"https:\/\/madridtoursbysara.com\/tours-tematicos\/#primaryimage\"},\"thumbnailUrl\":\"https:\/\/madridtoursbysara.com\/wp-content\/uploads\/2025\/07\/madrid-1758045_1280-600x450.jpg\",\"datePublished\":\"2026-03-05T10:59:55+00:00\",\"dateModified\":\"2026-03-05T11:06:25+00:00\",\"breadcrumb\":{\"@id\":\"https:\/\/madridtoursbysara.com\/tours-tematicos\/#breadcrumb\"},\"inLanguage\":\"en-GB\",\"potentialAction\":[{\"@type\":\"ReadAction\",\"target\":[\"https:\/\/madridtoursbysara.com\/tours-tematicos\/\"]}]},{\"@type\":\"ImageObject\",\"inLanguage\":\"en-GB\",\"@id\":\"https:\/\/madridtoursbysara.com\/tours-tematicos\/#primaryimage\",\"url\":\"https:\/\/madridtoursbysara.com\/wp-content\/uploads\/2025\/07\/madrid-1758045_1280-600x450.jpg\",\"contentUrl\":\"https:\/\/madridtoursbysara.com\/wp-content\/uploads\/2025\/07\/madrid-1758045_1280-600x450.jpg\"},{\"@type\":\"BreadcrumbList\",\"@id\":\"https:\/\/madridtoursbysara.com\/tours-tematicos\/#breadcrumb\",\"itemListElement\":[{\"@type\":\"ListItem\",\"position\":1,\"name\":\"Home\",\"item\":\"https:\/\/madridtoursbysara.com\/\"},{\"@type\":\"ListItem\",\"position\":2,\"name\":\"Tours tem\u00e1ticos\"}]},{\"@type\":\"WebSite\",\"@id\":\"https:\/\/madridtoursbysara.com\/#website\",\"url\":\"https:\/\/madridtoursbysara.com\/\",\"name\":\"MadridToursbySara\",\"description\":\"Tours guiados por Madrid y alrededores con Sara, gu\u00eda oficial. Arte, historia y cultura en espa\u00f1ol, ingl\u00e9s e italiano.\",\"potentialAction\":[{\"@type\":\"SearchAction\",\"target\":{\"@type\":\"EntryPoint\",\"urlTemplate\":\"https:\/\/madridtoursbysara.com\/?s={search_term_string}\"},\"query-input\":{\"@type\":\"PropertyValueSpecification\",\"valueRequired\":true,\"valueName\":\"search_term_string\"}}],\"inLanguage\":\"en-GB\"}]}<\/script>\n<!-- \/ Yoast SEO plugin. -->","yoast_head_json":{"title":"Tours tem\u00e1ticos - MadridToursbySara","robots":{"index":"index","follow":"follow","max-snippet":"max-snippet:-1","max-image-preview":"max-image-preview:large","max-video-preview":"max-video-preview:-1"},"canonical":"https:\/\/madridtoursbysara.com\/en\/tours-tematicos\/","og_locale":"en_GB","og_type":"article","og_title":"Tours tem\u00e1ticos - MadridToursbySara","og_description":"Tours tem\u00e1ticos en Madrid Descubre Madrid de una forma diferente, con tours tem\u00e1ticos basados en zonas y espacios hist\u00f3ricos de la ciudad. Puedo adaptar cualquier visita a tus preferencias e intereses. No dudes en consultarme. MUSEO DEL PRADO PARA NI\u00d1OS Home Tambi\u00e9n te puede interesar&#8230; from CONTACTA Y RESERVA","og_url":"https:\/\/madridtoursbysara.com\/en\/tours-tematicos\/","og_site_name":"MadridToursbySara","article_modified_time":"2026-03-05T11:06:25+00:00","og_image":[{"url":"https:\/\/madridtoursbysara.com\/wp-content\/uploads\/2025\/07\/madrid-1758045_1280-600x450.jpg","type":"","width":"","height":""}],"twitter_card":"summary_large_image","twitter_misc":{"Estimated reading time":"1 minute"},"schema":{"@context":"https:\/\/schema.org","@graph":[{"@type":"WebPage","@id":"https:\/\/madridtoursbysara.com\/tours-tematicos\/","url":"https:\/\/madridtoursbysara.com\/tours-tematicos\/","name":"Tours tem\u00e1ticos - MadridToursbySara","isPartOf":{"@id":"https:\/\/madridtoursbysara.com\/#website"},"primaryImageOfPage":{"@id":"https:\/\/madridtoursbysara.com\/tours-tematicos\/#primaryimage"},"image":{"@id":"https:\/\/madridtoursbysara.com\/tours-tematicos\/#primaryimage"},"thumbnailUrl":"https:\/\/madridtoursbysara.com\/wp-content\/uploads\/2025\/07\/madrid-1758045_1280-600x450.jpg","datePublished":"2026-03-05T10:59:55+00:00","dateModified":"2026-03-05T11:06:25+00:00","breadcrumb":{"@id":"https:\/\/madridtoursbysara.com\/tours-tematicos\/#breadcrumb"},"inLanguage":"en-GB","potentialAction":[{"@type":"ReadAction","target":["https:\/\/madridtoursbysara.com\/tours-tematicos\/"]}]},{"@type":"ImageObject","inLanguage":"en-GB","@id":"https:\/\/madridtoursbysara.com\/tours-tematicos\/#primaryimage","url":"https:\/\/madridtoursbysara.com\/wp-content\/uploads\/2025\/07\/madrid-1758045_1280-600x450.jpg","contentUrl":"https:\/\/madridtoursbysara.com\/wp-content\/uploads\/2025\/07\/madrid-1758045_1280-600x450.jpg"},{"@type":"BreadcrumbList","@id":"https:\/\/madridtoursbysara.com\/tours-tematicos\/#breadcrumb","itemListElement":[{"@type":"ListItem","position":1,"name":"Home","item":"https:\/\/madridtoursbysara.com\/"},{"@type":"ListItem","position":2,"name":"Tours tem\u00e1ticos"}]},{"@type":"WebSite","@id":"https:\/\/madridtoursbysara.com\/#website","url":"https:\/\/madridtoursbysara.com\/","name":"MadridToursbySara","description":"Tours guiados por Madrid y alrededores con Sara, gu\u00eda oficial. Arte, historia y cultura en espa\u00f1ol, ingl\u00e9s e italiano.","potentialAction":[{"@type":"SearchAction","target":{"@type":"EntryPoint","urlTemplate":"https:\/\/madridtoursbysara.com\/?s={search_term_string}"},"query-input":{"@type":"PropertyValueSpecification","valueRequired":true,"valueName":"search_term_string"}}],"inLanguage":"en-GB"}]}},"_links":{"self":[{"href":"https:\/\/madridtoursbysara.com\/en\/wp-json\/wp\/v2\/pages\/7415","targetHints":{"allow":["GET"]}}],"collection":[{"href":"https:\/\/madridtoursbysara.com\/en\/wp-json\/wp\/v2\/pages"}],"about":[{"href":"https:\/\/madridtoursbysara.com\/en\/wp-json\/wp\/v2\/types\/page"}],"author":[{"embeddable":true,"href":"https:\/\/madridtoursbysara.com\/en\/wp-json\/wp\/v2\/users\/1"}],"replies":[{"embeddable":true,"href":"https:\/\/madridtoursbysara.com\/en\/wp-json\/wp\/v2\/comments?post=7415"}],"version-history":[{"count":10,"href":"https:\/\/madridtoursbysara.com\/en\/wp-json\/wp\/v2\/pages\/7415\/revisions"}],"predecessor-version":[{"id":7429,"href":"https:\/\/madridtoursbysara.com\/en\/wp-json\/wp\/v2\/pages\/7415\/revisions\/7429"}],"wp:attachment":[{"href":"https:\/\/madridtoursbysara.com\/en\/wp-json\/wp\/v2\/media?parent=7415"}],"curies":[{"name":"wp","href":"https:\/\/api.w.org\/{rel}","templated":true}]}}