{"id":7185,"date":"2025-11-17T20:11:18","date_gmt":"2025-11-17T20:11:18","guid":{"rendered":"https:\/\/madridtoursbysara.com\/?page_id=7185"},"modified":"2025-11-20T17:09:11","modified_gmt":"2025-11-20T17:09:11","slug":"tours-alrededores","status":"publish","type":"page","link":"https:\/\/madridtoursbysara.com\/en\/tours-alrededores\/","title":{"rendered":"Tours in the surroundings"},"content":{"rendered":"\t\t<div data-elementor-type=\"wp-page\" data-elementor-id=\"7185\" class=\"elementor elementor-7185\">\n\t\t\t\t<div class=\"elementor-element elementor-element-b4efeea e-flex e-con-boxed e-con e-parent\" data-id=\"b4efeea\" data-element_type=\"container\" data-e-type=\"container\" data-settings=\"{&quot;background_background&quot;:&quot;slideshow&quot;,&quot;background_slideshow_gallery&quot;:[{&quot;id&quot;:6745,&quot;url&quot;:&quot;https:\\\/\\\/madridtoursbysara.com\\\/wp-content\\\/uploads\\\/2025\\\/07\\\/palace-7296008_1280.jpg&quot;},{&quot;id&quot;:6742,&quot;url&quot;:&quot;https:\\\/\\\/madridtoursbysara.com\\\/wp-content\\\/uploads\\\/2025\\\/07\\\/history-3254879_1280.jpg&quot;},{&quot;id&quot;:6741,&quot;url&quot;:&quot;https:\\\/\\\/madridtoursbysara.com\\\/wp-content\\\/uploads\\\/2025\\\/07\\\/el-escorial-6751833_1280.jpg&quot;},{&quot;id&quot;:6707,&quot;url&quot;:&quot;https:\\\/\\\/madridtoursbysara.com\\\/wp-content\\\/uploads\\\/2025\\\/07\\\/alcazar-of-segovia-6771920_1280.jpg&quot;}],&quot;background_slideshow_loop&quot;:&quot;yes&quot;,&quot;background_slideshow_slide_duration&quot;:5000,&quot;background_slideshow_slide_transition&quot;:&quot;fade&quot;,&quot;background_slideshow_transition_duration&quot;:500}\">\n\t\t\t\t\t<div class=\"e-con-inner\">\n\t\t\t\t<div class=\"elementor-element elementor-element-ce0f48d elementor-invisible elementor-widget elementor-widget-heading\" data-id=\"ce0f48d\" data-element_type=\"widget\" data-e-type=\"widget\" data-settings=\"{&quot;_animation&quot;:&quot;togo-fade-in-up&quot;}\" data-widget_type=\"heading.default\">\n\t\t\t\t\t<h1 class=\"elementor-heading-title elementor-size-default\">Alrededores de Madrid<\/h1>\t\t\t\t<\/div>\n\t\t\t\t<div class=\"elementor-element elementor-element-15dda0d elementor-widget__width-initial elementor-invisible elementor-widget elementor-widget-heading\" data-id=\"15dda0d\" data-element_type=\"widget\" data-e-type=\"widget\" data-settings=\"{&quot;_animation&quot;:&quot;togo-fade-in-up&quot;}\" data-widget_type=\"heading.default\">\n\t\t\t\t\t<h2 class=\"elementor-heading-title elementor-size-default\">Incre\u00edbles ciudades llenas de historia, palacios y jardines reales y paisajes sorprendentes te\nesperan en mis tours privados en los alrededores de Madrid. <br><br><b>Puedo adaptar cualquier visita\n\na tus preferencias e intereses. No dudes en consultarme.<\/b><\/h2>\t\t\t\t<\/div>\n\t\t\t\t\t<\/div>\n\t\t\t\t<\/div>\n\t\t<div class=\"elementor-element elementor-element-98b45b8 e-con-full e-flex e-con e-parent\" data-id=\"98b45b8\" data-element_type=\"container\" data-e-type=\"container\" data-settings=\"{&quot;background_background&quot;:&quot;classic&quot;}\">\n\t\t\t\t<div class=\"elementor-element elementor-element-5ff6d50 elementor-widget elementor-widget-togo-trip-grid\" data-id=\"5ff6d50\" data-element_type=\"widget\" data-e-type=\"widget\" data-widget_type=\"togo-trip-grid.default\">\n\t\t\t\t<div class=\"elementor-widget-container\">\n\t\t\t\t\t<div class=\"togo-trip-grid togo-row togo-row-cols-xl-3 togo-row-cols-lg-3 togo-row-cols-md-3 togo-row-cols-sm-2 togo-row-cols-xs-1\"><article class=\"type-trip togo-column type-trip-grid-03\">\r\n    <div class=\"trip-inner\">\r\n                <div class=\"trip-thumbnail\"><a href=\"https:\/\/madridtoursbysara.com\/en\/togo_trip\/palacio-real-de-aranjuez-y-bodega-en-chinchon-en-vehiculo-privado\/\"><img decoding=\"async\" src=\"https:\/\/madridtoursbysara.com\/wp-content\/uploads\/2025\/11\/palace-611897_1280-600x450.jpg\" alt=\"PALACIO REAL DE ARANJUEZ Y BODEGA EN CHINCHON EN VEHICULO PRIVADO\"><\/a><\/div>        <div class=\"trip-content\">\r\n\r\n            <h3 class=\"trip-title\"><a href=\"https:\/\/madridtoursbysara.com\/en\/togo_trip\/palacio-real-de-aranjuez-y-bodega-en-chinchon-en-vehiculo-privado\/\" rel=\"bookmark\">PALACIO REAL DE ARANJUEZ Y BODEGA EN CHINCHON EN VEHICULO PRIVADO<\/a><\/h3>            <div class=\"trip-info\"><\/div>            <div class=\"trip-description\"><p>Home Tambi\u00e9n te puede interesar&#8230;<\/p><\/div>            <div class=\"trip-footer\">\r\n                                <div class=\"trip-price\"><span class=\"prefix\">from<\/span><span class=\"regular-price price\"><\/span><\/div>            <\/div>\r\n        <\/div>\r\n    <\/div>\r\n<\/article><article class=\"type-trip togo-column type-trip-grid-03\">\r\n    <div class=\"trip-inner\">\r\n                <div class=\"trip-thumbnail\"><a href=\"https:\/\/madridtoursbysara.com\/en\/togo_trip\/toledo-en-vehiculo-privado\/\"><img decoding=\"async\" src=\"https:\/\/madridtoursbysara.com\/wp-content\/uploads\/2025\/07\/IMG_20220129_183742_840-600x450.jpg\" alt=\"TOLEDO EN VEH\u00cdCULO PRIVADO\"><\/a><\/div>        <div class=\"trip-content\">\r\n\r\n            <h3 class=\"trip-title\"><a href=\"https:\/\/madridtoursbysara.com\/en\/togo_trip\/toledo-en-vehiculo-privado\/\" rel=\"bookmark\">TOLEDO EN VEH\u00cdCULO PRIVADO<\/a><\/h3>            <div class=\"trip-info\"><\/div>            <div class=\"trip-description\"><p>Home Tambi\u00e9n te puede interesar&#8230;<\/p><\/div>            <div class=\"trip-footer\">\r\n                                <div class=\"trip-price\"><span class=\"prefix\">from<\/span><span class=\"regular-price price\"><\/span><\/div>            <\/div>\r\n        <\/div>\r\n    <\/div>\r\n<\/article><article class=\"type-trip togo-column type-trip-grid-03\">\r\n    <div class=\"trip-inner\">\r\n                <div class=\"trip-thumbnail\"><a href=\"https:\/\/madridtoursbysara.com\/en\/togo_trip\/segovia-y-el-escorial-en-vehiculo-privado\/\"><img decoding=\"async\" src=\"https:\/\/madridtoursbysara.com\/wp-content\/uploads\/2025\/07\/PXL_20241020_142405558.MP_-scaled-600x450.jpg\" alt=\"SEGOVIA Y EL ESCORIAL EN VEHICULO PRIVADO\"><\/a><\/div>        <div class=\"trip-content\">\r\n\r\n            <h3 class=\"trip-title\"><a href=\"https:\/\/madridtoursbysara.com\/en\/togo_trip\/segovia-y-el-escorial-en-vehiculo-privado\/\" rel=\"bookmark\">SEGOVIA Y EL ESCORIAL EN VEHICULO PRIVADO<\/a><\/h3>            <div class=\"trip-info\"><\/div>            <div class=\"trip-description\"><p>Un recorrido por la historia y la belleza...<\/p><\/div>            <div class=\"trip-footer\">\r\n                                <div class=\"trip-price\"><span class=\"prefix\">from<\/span><span class=\"regular-price price\"><\/span><\/div>            <\/div>\r\n        <\/div>\r\n    <\/div>\r\n<\/article><article class=\"type-trip togo-column type-trip-grid-03\">\r\n    <div class=\"trip-inner\">\r\n                <div class=\"trip-thumbnail\"><a href=\"https:\/\/madridtoursbysara.com\/en\/togo_trip\/segovia-en-vehiculo-privado\/\"><img decoding=\"async\" src=\"https:\/\/madridtoursbysara.com\/wp-content\/uploads\/2025\/07\/IMG_20240503_154815-scaled-600x450.jpg\" alt=\"SEGOVIA EN VEH\u00cdCULO PRIVADO\"><\/a><\/div>        <div class=\"trip-content\">\r\n\r\n            <h3 class=\"trip-title\"><a href=\"https:\/\/madridtoursbysara.com\/en\/togo_trip\/segovia-en-vehiculo-privado\/\" rel=\"bookmark\">SEGOVIA EN VEH\u00cdCULO PRIVADO<\/a><\/h3>            <div class=\"trip-info\"><\/div>            <div class=\"trip-description\"><p>Home Tambi\u00e9n te puede interesar&#8230;<\/p><\/div>            <div class=\"trip-footer\">\r\n                                <div class=\"trip-price\"><span class=\"prefix\">from<\/span><span class=\"regular-price price\"><\/span><\/div>            <\/div>\r\n        <\/div>\r\n    <\/div>\r\n<\/article><article class=\"type-trip togo-column type-trip-grid-03\">\r\n    <div class=\"trip-inner\">\r\n                <div class=\"trip-thumbnail\"><a href=\"https:\/\/madridtoursbysara.com\/en\/togo_trip\/segovia-y-palacio-de-la-granja-en-vehiculo-privado\/\"><img decoding=\"async\" src=\"https:\/\/madridtoursbysara.com\/wp-content\/uploads\/2025\/07\/palace-7296008_1280-600x450.jpg\" alt=\"SEGOVIA Y PALACIO DE LA GRANJA EN VEHICULO PRIVADO\"><\/a><\/div>        <div class=\"trip-content\">\r\n\r\n            <h3 class=\"trip-title\"><a href=\"https:\/\/madridtoursbysara.com\/en\/togo_trip\/segovia-y-palacio-de-la-granja-en-vehiculo-privado\/\" rel=\"bookmark\">SEGOVIA Y PALACIO DE LA GRANJA EN VEHICULO PRIVADO<\/a><\/h3>            <div class=\"trip-info\"><\/div>            <div class=\"trip-description\"><p>Home Tambi\u00e9n te puede interesar&#8230;<\/p><\/div>            <div class=\"trip-footer\">\r\n                                <div class=\"trip-price\"><span class=\"prefix\">from<\/span><span class=\"regular-price price\"><\/span><\/div>            <\/div>\r\n        <\/div>\r\n    <\/div>\r\n<\/article><article class=\"type-trip togo-column type-trip-grid-03\">\r\n    <div class=\"trip-inner\">\r\n                <div class=\"trip-thumbnail\"><a href=\"https:\/\/madridtoursbysara.com\/en\/togo_trip\/el-escorial-en-vehiculo-privado\/\"><img decoding=\"async\" src=\"https:\/\/madridtoursbysara.com\/wp-content\/uploads\/2025\/07\/el-escorial-6751833_1280-600x450.jpg\" alt=\"EL ESCORIAL EN VEH\u00cdCULO PRIVADO\"><\/a><\/div>        <div class=\"trip-content\">\r\n\r\n            <h3 class=\"trip-title\"><a href=\"https:\/\/madridtoursbysara.com\/en\/togo_trip\/el-escorial-en-vehiculo-privado\/\" rel=\"bookmark\">EL ESCORIAL EN VEH\u00cdCULO PRIVADO<\/a><\/h3>            <div class=\"trip-info\"><\/div>            <div class=\"trip-description\"><p>Home Tambi\u00e9n te puede interesar&#8230;<\/p><\/div>            <div class=\"trip-footer\">\r\n                                <div class=\"trip-price\"><span class=\"prefix\">from<\/span><span class=\"regular-price price\"><\/span><\/div>            <\/div>\r\n        <\/div>\r\n    <\/div>\r\n<\/article><\/div>        <div class=\"itinerary-popup\"><\/div>\r\n    \t\t\t\t<\/div>\n\t\t\t\t<\/div>\n\t\t\t\t<div class=\"elementor-element elementor-element-90f9447 elementor-align-center elementor-invisible elementor-widget elementor-widget-button\" data-id=\"90f9447\" data-element_type=\"widget\" data-e-type=\"widget\" data-settings=\"{&quot;_animation&quot;:&quot;togo-fade-in-up&quot;}\" data-widget_type=\"button.default\">\n\t\t\t\t\t\t\t\t\t\t<a class=\"elementor-button elementor-button-link elementor-size-sm elementor-animation-grow\" href=\"https:\/\/madridtoursbysara.com\/contacto\/\">\n\t\t\t\t\t\t<span class=\"elementor-button-content-wrapper\">\n\t\t\t\t\t\t\t\t\t<span class=\"elementor-button-text\">CONTACTA Y RESERVA<\/span>\n\t\t\t\t\t<\/span>\n\t\t\t\t\t<\/a>\n\t\t\t\t\t\t\t\t<\/div>\n\t\t\t\t<\/div>\n\t\t\t\t<\/div>\n\t\t","protected":false},"excerpt":{"rendered":"<p>Alrededores de Madrid Incre\u00edbles ciudades llenas de historia, palacios y jardines reales y paisajes sorprendentes te esperan en mis tours privados en los alrededores de Madrid. Puedo adaptar cualquier visita a tus preferencias e intereses. No dudes en consultarme. EL ESCORIAL EN VEH\u00cdCULO PRIVADO Location Alrededores Una mezcla perfecta de historia, cultura y paisaje&#8230;. from [&hellip;]<\/p>\n","protected":false},"author":1,"featured_media":0,"parent":0,"menu_order":0,"comment_status":"closed","ping_status":"closed","template":"elementor_header_footer","meta":{"footnotes":""},"class_list":["post-7185","page","type-page","status-publish","hentry"],"yoast_head":"<!-- This site is optimized with the Yoast SEO plugin v26.9 - https:\/\/yoast.com\/product\/yoast-seo-wordpress\/ -->\n<title>Tours alrededores - MadridToursbySara<\/title>\n<meta name=\"robots\" content=\"index, follow, max-snippet:-1, max-image-preview:large, max-video-preview:-1\" \/>\n<link rel=\"canonical\" href=\"https:\/\/madridtoursbysara.com\/en\/tours-alrededores\/\" \/>\n<meta property=\"og:locale\" content=\"en_GB\" \/>\n<meta property=\"og:type\" content=\"article\" \/>\n<meta property=\"og:title\" content=\"Tours alrededores - MadridToursbySara\" \/>\n<meta property=\"og:description\" content=\"Alrededores de Madrid Incre\u00edbles ciudades llenas de historia, palacios y jardines reales y paisajes sorprendentes te esperan en mis tours privados en los alrededores de Madrid. Puedo adaptar cualquier visita a tus preferencias e intereses. No dudes en consultarme. EL ESCORIAL EN VEH\u00cdCULO PRIVADO Location Alrededores Una mezcla perfecta de historia, cultura y paisaje&#8230;. from [&hellip;]\" \/>\n<meta property=\"og:url\" content=\"https:\/\/madridtoursbysara.com\/en\/tours-alrededores\/\" \/>\n<meta property=\"og:site_name\" content=\"MadridToursbySara\" \/>\n<meta property=\"article:modified_time\" content=\"2025-11-20T17:09:11+00:00\" \/>\n<meta property=\"og:image\" content=\"https:\/\/madridtoursbysara.com\/wp-content\/uploads\/2025\/07\/el-escorial-6751833_1280-600x450.jpg\" \/>\n<meta name=\"twitter:card\" content=\"summary_large_image\" \/>\n<meta name=\"twitter:label1\" content=\"Estimated reading time\" \/>\n\t<meta name=\"twitter:data1\" content=\"2 minutes\" \/>\n<script type=\"application\/ld+json\" class=\"yoast-schema-graph\">{\"@context\":\"https:\/\/schema.org\",\"@graph\":[{\"@type\":\"WebPage\",\"@id\":\"https:\/\/madridtoursbysara.com\/tours-alrededores\/\",\"url\":\"https:\/\/madridtoursbysara.com\/tours-alrededores\/\",\"name\":\"Tours alrededores - MadridToursbySara\",\"isPartOf\":{\"@id\":\"https:\/\/madridtoursbysara.com\/#website\"},\"primaryImageOfPage\":{\"@id\":\"https:\/\/madridtoursbysara.com\/tours-alrededores\/#primaryimage\"},\"image\":{\"@id\":\"https:\/\/madridtoursbysara.com\/tours-alrededores\/#primaryimage\"},\"thumbnailUrl\":\"https:\/\/madridtoursbysara.com\/wp-content\/uploads\/2025\/07\/el-escorial-6751833_1280-600x450.jpg\",\"datePublished\":\"2025-11-17T20:11:18+00:00\",\"dateModified\":\"2025-11-20T17:09:11+00:00\",\"breadcrumb\":{\"@id\":\"https:\/\/madridtoursbysara.com\/tours-alrededores\/#breadcrumb\"},\"inLanguage\":\"en-GB\",\"potentialAction\":[{\"@type\":\"ReadAction\",\"target\":[\"https:\/\/madridtoursbysara.com\/tours-alrededores\/\"]}]},{\"@type\":\"ImageObject\",\"inLanguage\":\"en-GB\",\"@id\":\"https:\/\/madridtoursbysara.com\/tours-alrededores\/#primaryimage\",\"url\":\"https:\/\/madridtoursbysara.com\/wp-content\/uploads\/2025\/07\/el-escorial-6751833_1280-600x450.jpg\",\"contentUrl\":\"https:\/\/madridtoursbysara.com\/wp-content\/uploads\/2025\/07\/el-escorial-6751833_1280-600x450.jpg\"},{\"@type\":\"BreadcrumbList\",\"@id\":\"https:\/\/madridtoursbysara.com\/tours-alrededores\/#breadcrumb\",\"itemListElement\":[{\"@type\":\"ListItem\",\"position\":1,\"name\":\"Home\",\"item\":\"https:\/\/madridtoursbysara.com\/\"},{\"@type\":\"ListItem\",\"position\":2,\"name\":\"Tours alrededores\"}]},{\"@type\":\"WebSite\",\"@id\":\"https:\/\/madridtoursbysara.com\/#website\",\"url\":\"https:\/\/madridtoursbysara.com\/\",\"name\":\"MadridToursbySara\",\"description\":\"Tours guiados por Madrid y alrededores con Sara, gu\u00eda oficial. Arte, historia y cultura en espa\u00f1ol, ingl\u00e9s e italiano.\",\"potentialAction\":[{\"@type\":\"SearchAction\",\"target\":{\"@type\":\"EntryPoint\",\"urlTemplate\":\"https:\/\/madridtoursbysara.com\/?s={search_term_string}\"},\"query-input\":{\"@type\":\"PropertyValueSpecification\",\"valueRequired\":true,\"valueName\":\"search_term_string\"}}],\"inLanguage\":\"en-GB\"}]}<\/script>\n<!-- \/ Yoast SEO plugin. -->","yoast_head_json":{"title":"Tours alrededores - MadridToursbySara","robots":{"index":"index","follow":"follow","max-snippet":"max-snippet:-1","max-image-preview":"max-image-preview:large","max-video-preview":"max-video-preview:-1"},"canonical":"https:\/\/madridtoursbysara.com\/en\/tours-alrededores\/","og_locale":"en_GB","og_type":"article","og_title":"Tours alrededores - MadridToursbySara","og_description":"Alrededores de Madrid Incre\u00edbles ciudades llenas de historia, palacios y jardines reales y paisajes sorprendentes te esperan en mis tours privados en los alrededores de Madrid. Puedo adaptar cualquier visita a tus preferencias e intereses. No dudes en consultarme. EL ESCORIAL EN VEH\u00cdCULO PRIVADO Location Alrededores Una mezcla perfecta de historia, cultura y paisaje&#8230;. from [&hellip;]","og_url":"https:\/\/madridtoursbysara.com\/en\/tours-alrededores\/","og_site_name":"MadridToursbySara","article_modified_time":"2025-11-20T17:09:11+00:00","og_image":[{"url":"https:\/\/madridtoursbysara.com\/wp-content\/uploads\/2025\/07\/el-escorial-6751833_1280-600x450.jpg","type":"","width":"","height":""}],"twitter_card":"summary_large_image","twitter_misc":{"Estimated reading time":"2 minutes"},"schema":{"@context":"https:\/\/schema.org","@graph":[{"@type":"WebPage","@id":"https:\/\/madridtoursbysara.com\/tours-alrededores\/","url":"https:\/\/madridtoursbysara.com\/tours-alrededores\/","name":"Tours alrededores - MadridToursbySara","isPartOf":{"@id":"https:\/\/madridtoursbysara.com\/#website"},"primaryImageOfPage":{"@id":"https:\/\/madridtoursbysara.com\/tours-alrededores\/#primaryimage"},"image":{"@id":"https:\/\/madridtoursbysara.com\/tours-alrededores\/#primaryimage"},"thumbnailUrl":"https:\/\/madridtoursbysara.com\/wp-content\/uploads\/2025\/07\/el-escorial-6751833_1280-600x450.jpg","datePublished":"2025-11-17T20:11:18+00:00","dateModified":"2025-11-20T17:09:11+00:00","breadcrumb":{"@id":"https:\/\/madridtoursbysara.com\/tours-alrededores\/#breadcrumb"},"inLanguage":"en-GB","potentialAction":[{"@type":"ReadAction","target":["https:\/\/madridtoursbysara.com\/tours-alrededores\/"]}]},{"@type":"ImageObject","inLanguage":"en-GB","@id":"https:\/\/madridtoursbysara.com\/tours-alrededores\/#primaryimage","url":"https:\/\/madridtoursbysara.com\/wp-content\/uploads\/2025\/07\/el-escorial-6751833_1280-600x450.jpg","contentUrl":"https:\/\/madridtoursbysara.com\/wp-content\/uploads\/2025\/07\/el-escorial-6751833_1280-600x450.jpg"},{"@type":"BreadcrumbList","@id":"https:\/\/madridtoursbysara.com\/tours-alrededores\/#breadcrumb","itemListElement":[{"@type":"ListItem","position":1,"name":"Home","item":"https:\/\/madridtoursbysara.com\/"},{"@type":"ListItem","position":2,"name":"Tours alrededores"}]},{"@type":"WebSite","@id":"https:\/\/madridtoursbysara.com\/#website","url":"https:\/\/madridtoursbysara.com\/","name":"MadridToursbySara","description":"Tours guiados por Madrid y alrededores con Sara, gu\u00eda oficial. Arte, historia y cultura en espa\u00f1ol, ingl\u00e9s e italiano.","potentialAction":[{"@type":"SearchAction","target":{"@type":"EntryPoint","urlTemplate":"https:\/\/madridtoursbysara.com\/?s={search_term_string}"},"query-input":{"@type":"PropertyValueSpecification","valueRequired":true,"valueName":"search_term_string"}}],"inLanguage":"en-GB"}]}},"_links":{"self":[{"href":"https:\/\/madridtoursbysara.com\/en\/wp-json\/wp\/v2\/pages\/7185","targetHints":{"allow":["GET"]}}],"collection":[{"href":"https:\/\/madridtoursbysara.com\/en\/wp-json\/wp\/v2\/pages"}],"about":[{"href":"https:\/\/madridtoursbysara.com\/en\/wp-json\/wp\/v2\/types\/page"}],"author":[{"embeddable":true,"href":"https:\/\/madridtoursbysara.com\/en\/wp-json\/wp\/v2\/users\/1"}],"replies":[{"embeddable":true,"href":"https:\/\/madridtoursbysara.com\/en\/wp-json\/wp\/v2\/comments?post=7185"}],"version-history":[{"count":9,"href":"https:\/\/madridtoursbysara.com\/en\/wp-json\/wp\/v2\/pages\/7185\/revisions"}],"predecessor-version":[{"id":7209,"href":"https:\/\/madridtoursbysara.com\/en\/wp-json\/wp\/v2\/pages\/7185\/revisions\/7209"}],"wp:attachment":[{"href":"https:\/\/madridtoursbysara.com\/en\/wp-json\/wp\/v2\/media?parent=7185"}],"curies":[{"name":"wp","href":"https:\/\/api.w.org\/{rel}","templated":true}]}}