{"id":6456,"date":"2025-07-24T18:00:44","date_gmt":"2025-07-24T18:00:44","guid":{"rendered":"https:\/\/madridtoursbysara.com\/?page_id=6456"},"modified":"2025-07-28T17:21:41","modified_gmt":"2025-07-28T17:21:41","slug":"accesibilidad","status":"publish","type":"page","link":"https:\/\/madridtoursbysara.com\/en\/accesibilidad\/","title":{"rendered":"accesibilidad"},"content":{"rendered":"<h2 class=\"wp-block-heading\"><strong>Sara S\u00e1nchez And\u00fajar <\/strong>\u00a0se ha comprometido a hacer accesible su sitio web de conformidad con el Real Decreto 1112\/2018, de 7 de septiembre, sobre accesibilidad de los sitios web y aplicaciones para dispositivos m\u00f3viles del sector p\u00fablico.<\/h2>\n\n\n\n<p>La presente declaraci\u00f3n de accesibilidad se aplica al sitio web:\u00a0<a class=\"\" href=\"https:\/\/ganaderiaguadalest.com\/\">https:\/\/madridtoursbysara\/<\/a><\/p>\n\n\n\n<h3 class=\"wp-block-heading\">SITUACI\u00d3N DE CUMPLIMIENTO<\/h3>\n\n\n\n<p>Este sitio web es parcialmente conforme con el RD 1112\/2018 debido a las excepciones y a la falta de conformidad de los aspectos que se indican a continuaci\u00f3n.<\/p>\n\n\n\n<h3 class=\"wp-block-heading\">CONTENIDO NO ACCESIBLE<\/h3>\n\n\n\n<p>El contenido que se recoge a continuaci\u00f3n no es accesible por lo siguiente:<\/p>\n\n\n\n<p><strong>Falta de conformidad con el RD 1112\/2018<\/strong><br>Podr\u00edan existir contenidos no textuales que se presenten al usuario sin una alternativa textual que cumpla una funci\u00f3n equivalente (Requisito n\u00famero 9.1.1.1 de UNE-EN 301549:2022).<br>Podr\u00eda existir informaci\u00f3n, estructura o relaciones que no pudieran determinarse mediante programaci\u00f3n o que no estuvieran disponibles en el texto (Requisito n\u00famero 9.1.3.1 de UNE-EN 301549:2022).<br>Podr\u00edan existir enlaces cuya finalidad no pueda determinarse a partir del texto del enlace \u00fanicamente o a partir del texto del enlace junto con su contexto determinado mediante programaci\u00f3n (Requisito n\u00famero 9.2.4.4 de UNE-EN 301549:2022).<br>Podr\u00eda no existir m\u00e1s de una forma de localizar una p\u00e1gina web dentro de un conjunto de p\u00e1ginas web (Requisito n\u00famero 9.2.4.5 de UNE-EN 301549:2022).<br>Podr\u00edan existir algunos elementos no textuales no etiquetados correctamente (Requisito n\u00famero 9.2.5.3 de UNE-EN 301549:2022).<br>Podr\u00edan existir p\u00e1ginas con problemas de coherencia y consistencia en la navegaci\u00f3n (Requisito n\u00famero 9.3.2.3 de UNE-EN 301549:2022).<br>Podr\u00eda existir elementos que requieran la intervenci\u00f3n del usuario para los que no se proporcione etiquetas o instrucciones (Requisito n\u00famero 9.3.3.2 de UNE-EN 301549:2022).<br>Podr\u00edan existir nombres, roles, estados, propiedades y valores que no pueden determinarse mediante programaci\u00f3n (Requisito n\u00famero 9.4.1.2 de UNE-EN 301549:2022).<\/p>\n\n\n\n<p><strong>Carga desproporcionada<\/strong><br>No aplica.<\/p>\n\n\n\n<p><strong>El contenido no entra dentro del \u00e1mbito de la legislaci\u00f3n aplicable<\/strong><br>Podr\u00edan existir archivos ofim\u00e1ticos en PDF u otros formatos publicados antes del 20 de septiembre de 2018 que no cumplan en su totalidad todos los requisitos de accesibilidad, aunque se ha procurado que la mayor\u00eda de ellos s\u00ed lo cumplan.<\/p>\n\n\n\n<h3 class=\"wp-block-heading\">PREPARACI\u00d3N DE LA PRESENTE DECLARACI\u00d3N DE ACCESIBILIDAD<\/h3>\n\n\n\n<p>La presente declaraci\u00f3n fue preparada el 23\/07\/2025.<br>El m\u00e9todo empleado para preparar la declaraci\u00f3n ha sido una autoevaluaci\u00f3n llevada a cabo por la propia entidad.<br>\u00daltima revisi\u00f3n de la declaraci\u00f3n: 23\/07\/2025.<\/p>\n\n\n\n<h3 class=\"wp-block-heading\">OBSERVACIONES Y DATOS DE CONTACTO<\/h3>\n\n\n\n<p>Puede realizar comunicaciones sobre requisitos de accesibilidad (art\u00edculo 10.2.a del RD 1112\/2018) a trav\u00e9s de la siguiente direcci\u00f3n de correo electr\u00f3nico: sarasanchezandujar@gmail.com<\/p>\n\n\n\n<p>Por ejemplo:<\/p>\n\n\n\n<ul class=\"wp-block-list\">\n<li>Informar sobre cualquier posible incumplimiento por parte de este sitio web.<\/li>\n\n\n\n<li>Transmitir otras dificultades de acceso al contenido.<\/li>\n\n\n\n<li>Formular cualquier otra consulta o sugerencia de mejora relativa a la accesibilidad del sitio web.<\/li>\n<\/ul>\n\n\n\n<p>Tambi\u00e9n puede presentar:<\/p>\n\n\n\n<ul class=\"wp-block-list\">\n<li>Queja relativa al cumplimiento de los requisitos del RD 1112\/2018<\/li>\n\n\n\n<li>Solicitud de informaci\u00f3n accesible relativa a:\n<ul class=\"wp-block-list\">\n<li>Contenidos que est\u00e1n excluidos del \u00e1mbito de aplicaci\u00f3n del RD 1112\/2018 seg\u00fan lo establecido por el art\u00edculo 3, apartado 4.<\/li>\n\n\n\n<li>Contenidos que est\u00e1n exentos del cumplimiento de los requisitos de accesibilidad por imponer una carga desproporcionada.<\/li>\n<\/ul>\n<\/li>\n<\/ul>\n\n\n\n<p>En la solicitud de informaci\u00f3n accesible, se debe concretar con toda claridad los hechos, razones y petici\u00f3n que permitan constatar que se trata de una solicitud razonable y leg\u00edtima.<\/p>\n\n\n\n<p>Las quejas y reclamaciones sobre informaci\u00f3n accesible se realizar\u00e1n a trav\u00e9s de la siguiente direcci\u00f3n de correo electr\u00f3nico:\u00a0sarasanchezandujar@gmail.com<\/p>\n\n\n\n<h3 class=\"wp-block-heading\">CONTENIDO OPCIONAL<\/h3>\n\n\n\n<p>Este sitio web se ha dise\u00f1ado adapt\u00e1ndose a los est\u00e1ndares y normativas vigentes en relaci\u00f3n con la accesibilidad, cumpliendo con los puntos de verificaci\u00f3n de prioridad 2 (AA) definidos en la especificaci\u00f3n de Pautas de Accesibilidad al Contenido en la Web (WCAG 2.1).<\/p>\n\n\n\n<p>Est\u00e1 dise\u00f1ado para su visualizaci\u00f3n responsiva, de modo que pueda visualizarse correctamente en dispositivos como tabletas electr\u00f3nicas y dispositivos m\u00f3viles.<\/p>\n\n\n\n<p>Asimismo, est\u00e1 dise\u00f1ado para poder cambiar el tama\u00f1o del texto mediante los men\u00fas definidos para ello seg\u00fan el navegador utilizado.<\/p>\n\n\n\n<p>Tambi\u00e9n puede realizarse mediante los siguientes atajos de teclado, presionando ambas teclas al mismo tiempo:<\/p>\n\n\n\n<ul class=\"wp-block-list\">\n<li><strong>Ctrl +<\/strong>\u00a0: aumentarlo<\/li>\n\n\n\n<li><strong>Ctrl \u2013<\/strong>\u00a0: disminuirlo<\/li>\n\n\n\n<li><strong>Ctrl 0<\/strong>\u00a0: restaurar tama\u00f1o original<\/li>\n<\/ul>\n\n\n\n<p>Del mismo modo, si un usuario no dispone de rat\u00f3n podr\u00e1 moverse por los distintos elementos de la p\u00e1gina que visita a trav\u00e9s del teclado, mediante la tecla de tabulaci\u00f3n.<\/p>\n\n\n\n<p><\/p>","protected":false},"excerpt":{"rendered":"<p>Sara S\u00e1nchez And\u00fajar \u00a0se ha comprometido a hacer accesible su sitio web de conformidad con el Real Decreto 1112\/2018, de 7 de septiembre, sobre accesibilidad de los sitios web y aplicaciones para dispositivos m\u00f3viles del sector p\u00fablico. La presente declaraci\u00f3n de accesibilidad se aplica al sitio web:\u00a0https:\/\/madridtoursbysara\/ SITUACI\u00d3N DE CUMPLIMIENTO Este sitio web es parcialmente [&hellip;]<\/p>\n","protected":false},"author":1,"featured_media":0,"parent":0,"menu_order":0,"comment_status":"closed","ping_status":"closed","template":"","meta":{"footnotes":""},"class_list":["post-6456","page","type-page","status-publish","hentry"],"yoast_head":"<!-- This site is optimized with the Yoast SEO plugin v26.9 - https:\/\/yoast.com\/product\/yoast-seo-wordpress\/ -->\n<title>accesibilidad - MadridToursbySara<\/title>\n<meta name=\"robots\" content=\"index, follow, max-snippet:-1, max-image-preview:large, max-video-preview:-1\" \/>\n<link rel=\"canonical\" href=\"https:\/\/madridtoursbysara.com\/en\/accesibilidad\/\" \/>\n<meta property=\"og:locale\" content=\"en_GB\" \/>\n<meta property=\"og:type\" content=\"article\" \/>\n<meta property=\"og:title\" content=\"accesibilidad - MadridToursbySara\" \/>\n<meta property=\"og:description\" content=\"Sara S\u00e1nchez And\u00fajar \u00a0se ha comprometido a hacer accesible su sitio web de conformidad con el Real Decreto 1112\/2018, de 7 de septiembre, sobre accesibilidad de los sitios web y aplicaciones para dispositivos m\u00f3viles del sector p\u00fablico. La presente declaraci\u00f3n de accesibilidad se aplica al sitio web:\u00a0https:\/\/madridtoursbysara\/ SITUACI\u00d3N DE CUMPLIMIENTO Este sitio web es parcialmente [&hellip;]\" \/>\n<meta property=\"og:url\" content=\"https:\/\/madridtoursbysara.com\/en\/accesibilidad\/\" \/>\n<meta property=\"og:site_name\" content=\"MadridToursbySara\" \/>\n<meta property=\"article:modified_time\" content=\"2025-07-28T17:21:41+00:00\" \/>\n<meta name=\"twitter:card\" content=\"summary_large_image\" \/>\n<meta name=\"twitter:label1\" content=\"Estimated reading time\" \/>\n\t<meta name=\"twitter:data1\" content=\"4 minutes\" \/>\n<script type=\"application\/ld+json\" class=\"yoast-schema-graph\">{\"@context\":\"https:\/\/schema.org\",\"@graph\":[{\"@type\":\"WebPage\",\"@id\":\"https:\/\/madridtoursbysara.com\/accesibilidad\/\",\"url\":\"https:\/\/madridtoursbysara.com\/accesibilidad\/\",\"name\":\"accesibilidad - MadridToursbySara\",\"isPartOf\":{\"@id\":\"https:\/\/madridtoursbysara.com\/#website\"},\"datePublished\":\"2025-07-24T18:00:44+00:00\",\"dateModified\":\"2025-07-28T17:21:41+00:00\",\"breadcrumb\":{\"@id\":\"https:\/\/madridtoursbysara.com\/accesibilidad\/#breadcrumb\"},\"inLanguage\":\"en-GB\",\"potentialAction\":[{\"@type\":\"ReadAction\",\"target\":[\"https:\/\/madridtoursbysara.com\/accesibilidad\/\"]}]},{\"@type\":\"BreadcrumbList\",\"@id\":\"https:\/\/madridtoursbysara.com\/accesibilidad\/#breadcrumb\",\"itemListElement\":[{\"@type\":\"ListItem\",\"position\":1,\"name\":\"Home\",\"item\":\"https:\/\/madridtoursbysara.com\/\"},{\"@type\":\"ListItem\",\"position\":2,\"name\":\"accesibilidad\"}]},{\"@type\":\"WebSite\",\"@id\":\"https:\/\/madridtoursbysara.com\/#website\",\"url\":\"https:\/\/madridtoursbysara.com\/\",\"name\":\"MadridToursbySara\",\"description\":\"Tours guiados por Madrid y alrededores con Sara, gu\u00eda oficial. Arte, historia y cultura en espa\u00f1ol, ingl\u00e9s e italiano.\",\"potentialAction\":[{\"@type\":\"SearchAction\",\"target\":{\"@type\":\"EntryPoint\",\"urlTemplate\":\"https:\/\/madridtoursbysara.com\/?s={search_term_string}\"},\"query-input\":{\"@type\":\"PropertyValueSpecification\",\"valueRequired\":true,\"valueName\":\"search_term_string\"}}],\"inLanguage\":\"en-GB\"}]}<\/script>\n<!-- \/ Yoast SEO plugin. -->","yoast_head_json":{"title":"accesibilidad - MadridToursbySara","robots":{"index":"index","follow":"follow","max-snippet":"max-snippet:-1","max-image-preview":"max-image-preview:large","max-video-preview":"max-video-preview:-1"},"canonical":"https:\/\/madridtoursbysara.com\/en\/accesibilidad\/","og_locale":"en_GB","og_type":"article","og_title":"accesibilidad - MadridToursbySara","og_description":"Sara S\u00e1nchez And\u00fajar \u00a0se ha comprometido a hacer accesible su sitio web de conformidad con el Real Decreto 1112\/2018, de 7 de septiembre, sobre accesibilidad de los sitios web y aplicaciones para dispositivos m\u00f3viles del sector p\u00fablico. La presente declaraci\u00f3n de accesibilidad se aplica al sitio web:\u00a0https:\/\/madridtoursbysara\/ SITUACI\u00d3N DE CUMPLIMIENTO Este sitio web es parcialmente [&hellip;]","og_url":"https:\/\/madridtoursbysara.com\/en\/accesibilidad\/","og_site_name":"MadridToursbySara","article_modified_time":"2025-07-28T17:21:41+00:00","twitter_card":"summary_large_image","twitter_misc":{"Estimated reading time":"4 minutes"},"schema":{"@context":"https:\/\/schema.org","@graph":[{"@type":"WebPage","@id":"https:\/\/madridtoursbysara.com\/accesibilidad\/","url":"https:\/\/madridtoursbysara.com\/accesibilidad\/","name":"accesibilidad - MadridToursbySara","isPartOf":{"@id":"https:\/\/madridtoursbysara.com\/#website"},"datePublished":"2025-07-24T18:00:44+00:00","dateModified":"2025-07-28T17:21:41+00:00","breadcrumb":{"@id":"https:\/\/madridtoursbysara.com\/accesibilidad\/#breadcrumb"},"inLanguage":"en-GB","potentialAction":[{"@type":"ReadAction","target":["https:\/\/madridtoursbysara.com\/accesibilidad\/"]}]},{"@type":"BreadcrumbList","@id":"https:\/\/madridtoursbysara.com\/accesibilidad\/#breadcrumb","itemListElement":[{"@type":"ListItem","position":1,"name":"Home","item":"https:\/\/madridtoursbysara.com\/"},{"@type":"ListItem","position":2,"name":"accesibilidad"}]},{"@type":"WebSite","@id":"https:\/\/madridtoursbysara.com\/#website","url":"https:\/\/madridtoursbysara.com\/","name":"MadridToursbySara","description":"Tours guiados por Madrid y alrededores con Sara, gu\u00eda oficial. Arte, historia y cultura en espa\u00f1ol, ingl\u00e9s e italiano.","potentialAction":[{"@type":"SearchAction","target":{"@type":"EntryPoint","urlTemplate":"https:\/\/madridtoursbysara.com\/?s={search_term_string}"},"query-input":{"@type":"PropertyValueSpecification","valueRequired":true,"valueName":"search_term_string"}}],"inLanguage":"en-GB"}]}},"_links":{"self":[{"href":"https:\/\/madridtoursbysara.com\/en\/wp-json\/wp\/v2\/pages\/6456","targetHints":{"allow":["GET"]}}],"collection":[{"href":"https:\/\/madridtoursbysara.com\/en\/wp-json\/wp\/v2\/pages"}],"about":[{"href":"https:\/\/madridtoursbysara.com\/en\/wp-json\/wp\/v2\/types\/page"}],"author":[{"embeddable":true,"href":"https:\/\/madridtoursbysara.com\/en\/wp-json\/wp\/v2\/users\/1"}],"replies":[{"embeddable":true,"href":"https:\/\/madridtoursbysara.com\/en\/wp-json\/wp\/v2\/comments?post=6456"}],"version-history":[{"count":4,"href":"https:\/\/madridtoursbysara.com\/en\/wp-json\/wp\/v2\/pages\/6456\/revisions"}],"predecessor-version":[{"id":6461,"href":"https:\/\/madridtoursbysara.com\/en\/wp-json\/wp\/v2\/pages\/6456\/revisions\/6461"}],"wp:attachment":[{"href":"https:\/\/madridtoursbysara.com\/en\/wp-json\/wp\/v2\/media?parent=6456"}],"curies":[{"name":"wp","href":"https:\/\/api.w.org\/{rel}","templated":true}]}}