{"id":6452,"date":"2025-07-24T17:57:59","date_gmt":"2025-07-24T17:57:59","guid":{"rendered":"https:\/\/madridtoursbysara.com\/?page_id=6452"},"modified":"2025-07-28T17:22:34","modified_gmt":"2025-07-28T17:22:34","slug":"politica-de-privacidad","status":"publish","type":"page","link":"https:\/\/madridtoursbysara.com\/en\/politica-de-privacidad\/","title":{"rendered":"Privacy Policy"},"content":{"rendered":"<h2 class=\"wp-block-heading\"><strong>1. Responsable del tratamiento de los datos<\/strong><\/h2>\n\n\n\n<ul class=\"wp-block-list\">\n<li><strong>Empresa<\/strong>: Sara S\u00e1nchez And\u00fajar<\/li>\n\n\n\n<li><strong>CIF<\/strong>: 26222163R<\/li>\n\n\n\n<li><strong>Direcci\u00f3n fiscal<\/strong>: Calle Saavedra Fajardo, 24 2 d<\/li>\n\n\n\n<li><strong>Correo electr\u00f3nico<\/strong>: <a href=\"mailto:sarasanchezandujar@gmail.com\">sarasanchezandujar@gmail.com<\/a><\/li>\n<\/ul>\n\n\n\n<p><strong>2. Finalidad del tratamiento<\/strong>\u00a0En\u00a0www.madridtoursbysara.com\u00a0recopilamos datos personales con las siguientes finalidades:<\/p>\n\n\n\n<ul class=\"wp-block-list\">\n<li>Responder a solicitudes de contacto.<\/li>\n\n\n\n<li>Enviar newsletters y comunicaciones comerciales.<\/li>\n\n\n\n<li>Gestionar formularios de solicitud de servicios.<\/li>\n\n\n\n<li>Analizar el comportamiento de los usuarios mediante Google Analytics.<\/li>\n<\/ul>\n\n\n\n<p><strong>3. Base legal para el tratamiento<\/strong>&nbsp;El tratamiento de los datos se realiza sobre la base del consentimiento del usuario al proporcionar su informaci\u00f3n y aceptar esta pol\u00edtica de privacidad.<\/p>\n\n\n\n<p><strong>4. Cesiones y transferencias de datos<\/strong>&nbsp;Los datos personales no se comparten con terceros, salvo con proveedores de servicios tecnol\u00f3gicos como Google Analytics.<\/p>\n\n\n\n<p><strong>5. Conservaci\u00f3n de los datos<\/strong>&nbsp;Los datos personales se conservar\u00e1n mientras sean necesarios para la finalidad por la que fueron recabados o hasta que el usuario solicite su eliminaci\u00f3n, respetando los plazos legales de conservaci\u00f3n.<\/p>\n\n\n\n<p><strong>6. Derechos de los usuarios<\/strong>&nbsp;Los usuarios pueden ejercer sus derechos de acceso, rectificaci\u00f3n, supresi\u00f3n, oposici\u00f3n y limitaci\u00f3n del tratamiento enviando un correo a natalia.sanchez@dehesamagna.com.<\/p>\n\n\n\n<p><strong>7. Seguridad de los datos<\/strong>\u00a0Hemos implementado las medidas t\u00e9cnicas y organizativas necesarias para garantizar la seguridad y confidencialidad de los datos personales.<\/p>","protected":false},"excerpt":{"rendered":"<p>1. Responsable del tratamiento de los datos 2. Finalidad del tratamiento\u00a0En\u00a0www.madridtoursbysara.com\u00a0recopilamos datos personales con las siguientes finalidades: 3. Base legal para el tratamiento&nbsp;El tratamiento de los datos se realiza sobre la base del consentimiento del usuario al proporcionar su informaci\u00f3n y aceptar esta pol\u00edtica de privacidad. 4. Cesiones y transferencias de datos&nbsp;Los datos personales no [&hellip;]<\/p>\n","protected":false},"author":1,"featured_media":0,"parent":0,"menu_order":0,"comment_status":"closed","ping_status":"closed","template":"","meta":{"footnotes":""},"class_list":["post-6452","page","type-page","status-publish","hentry"],"yoast_head":"<!-- This site is optimized with the Yoast SEO plugin v26.9 - https:\/\/yoast.com\/product\/yoast-seo-wordpress\/ -->\n<title>Pol\u00edtica de privacidad - MadridToursbySara<\/title>\n<meta name=\"robots\" content=\"index, follow, max-snippet:-1, max-image-preview:large, max-video-preview:-1\" \/>\n<link rel=\"canonical\" href=\"https:\/\/madridtoursbysara.com\/en\/politica-de-privacidad\/\" \/>\n<meta property=\"og:locale\" content=\"en_GB\" \/>\n<meta property=\"og:type\" content=\"article\" \/>\n<meta property=\"og:title\" content=\"Pol\u00edtica de privacidad - MadridToursbySara\" \/>\n<meta property=\"og:description\" content=\"1. Responsable del tratamiento de los datos 2. Finalidad del tratamiento\u00a0En\u00a0www.madridtoursbysara.com\u00a0recopilamos datos personales con las siguientes finalidades: 3. Base legal para el tratamiento&nbsp;El tratamiento de los datos se realiza sobre la base del consentimiento del usuario al proporcionar su informaci\u00f3n y aceptar esta pol\u00edtica de privacidad. 4. Cesiones y transferencias de datos&nbsp;Los datos personales no [&hellip;]\" \/>\n<meta property=\"og:url\" content=\"https:\/\/madridtoursbysara.com\/en\/politica-de-privacidad\/\" \/>\n<meta property=\"og:site_name\" content=\"MadridToursbySara\" \/>\n<meta property=\"article:modified_time\" content=\"2025-07-28T17:22:34+00:00\" \/>\n<meta name=\"twitter:card\" content=\"summary_large_image\" \/>\n<meta name=\"twitter:label1\" content=\"Estimated reading time\" \/>\n\t<meta name=\"twitter:data1\" content=\"1 minute\" \/>\n<script type=\"application\/ld+json\" class=\"yoast-schema-graph\">{\"@context\":\"https:\/\/schema.org\",\"@graph\":[{\"@type\":\"WebPage\",\"@id\":\"https:\/\/madridtoursbysara.com\/politica-de-privacidad\/\",\"url\":\"https:\/\/madridtoursbysara.com\/politica-de-privacidad\/\",\"name\":\"Pol\u00edtica de privacidad - MadridToursbySara\",\"isPartOf\":{\"@id\":\"https:\/\/madridtoursbysara.com\/#website\"},\"datePublished\":\"2025-07-24T17:57:59+00:00\",\"dateModified\":\"2025-07-28T17:22:34+00:00\",\"breadcrumb\":{\"@id\":\"https:\/\/madridtoursbysara.com\/politica-de-privacidad\/#breadcrumb\"},\"inLanguage\":\"en-GB\",\"potentialAction\":[{\"@type\":\"ReadAction\",\"target\":[\"https:\/\/madridtoursbysara.com\/politica-de-privacidad\/\"]}]},{\"@type\":\"BreadcrumbList\",\"@id\":\"https:\/\/madridtoursbysara.com\/politica-de-privacidad\/#breadcrumb\",\"itemListElement\":[{\"@type\":\"ListItem\",\"position\":1,\"name\":\"Home\",\"item\":\"https:\/\/madridtoursbysara.com\/\"},{\"@type\":\"ListItem\",\"position\":2,\"name\":\"Pol\u00edtica de privacidad\"}]},{\"@type\":\"WebSite\",\"@id\":\"https:\/\/madridtoursbysara.com\/#website\",\"url\":\"https:\/\/madridtoursbysara.com\/\",\"name\":\"MadridToursbySara\",\"description\":\"Tours guiados por Madrid y alrededores con Sara, gu\u00eda oficial. Arte, historia y cultura en espa\u00f1ol, ingl\u00e9s e italiano.\",\"potentialAction\":[{\"@type\":\"SearchAction\",\"target\":{\"@type\":\"EntryPoint\",\"urlTemplate\":\"https:\/\/madridtoursbysara.com\/?s={search_term_string}\"},\"query-input\":{\"@type\":\"PropertyValueSpecification\",\"valueRequired\":true,\"valueName\":\"search_term_string\"}}],\"inLanguage\":\"en-GB\"}]}<\/script>\n<!-- \/ Yoast SEO plugin. -->","yoast_head_json":{"title":"Pol\u00edtica de privacidad - MadridToursbySara","robots":{"index":"index","follow":"follow","max-snippet":"max-snippet:-1","max-image-preview":"max-image-preview:large","max-video-preview":"max-video-preview:-1"},"canonical":"https:\/\/madridtoursbysara.com\/en\/politica-de-privacidad\/","og_locale":"en_GB","og_type":"article","og_title":"Pol\u00edtica de privacidad - MadridToursbySara","og_description":"1. Responsable del tratamiento de los datos 2. Finalidad del tratamiento\u00a0En\u00a0www.madridtoursbysara.com\u00a0recopilamos datos personales con las siguientes finalidades: 3. Base legal para el tratamiento&nbsp;El tratamiento de los datos se realiza sobre la base del consentimiento del usuario al proporcionar su informaci\u00f3n y aceptar esta pol\u00edtica de privacidad. 4. Cesiones y transferencias de datos&nbsp;Los datos personales no [&hellip;]","og_url":"https:\/\/madridtoursbysara.com\/en\/politica-de-privacidad\/","og_site_name":"MadridToursbySara","article_modified_time":"2025-07-28T17:22:34+00:00","twitter_card":"summary_large_image","twitter_misc":{"Estimated reading time":"1 minute"},"schema":{"@context":"https:\/\/schema.org","@graph":[{"@type":"WebPage","@id":"https:\/\/madridtoursbysara.com\/politica-de-privacidad\/","url":"https:\/\/madridtoursbysara.com\/politica-de-privacidad\/","name":"Pol\u00edtica de privacidad - MadridToursbySara","isPartOf":{"@id":"https:\/\/madridtoursbysara.com\/#website"},"datePublished":"2025-07-24T17:57:59+00:00","dateModified":"2025-07-28T17:22:34+00:00","breadcrumb":{"@id":"https:\/\/madridtoursbysara.com\/politica-de-privacidad\/#breadcrumb"},"inLanguage":"en-GB","potentialAction":[{"@type":"ReadAction","target":["https:\/\/madridtoursbysara.com\/politica-de-privacidad\/"]}]},{"@type":"BreadcrumbList","@id":"https:\/\/madridtoursbysara.com\/politica-de-privacidad\/#breadcrumb","itemListElement":[{"@type":"ListItem","position":1,"name":"Home","item":"https:\/\/madridtoursbysara.com\/"},{"@type":"ListItem","position":2,"name":"Pol\u00edtica de privacidad"}]},{"@type":"WebSite","@id":"https:\/\/madridtoursbysara.com\/#website","url":"https:\/\/madridtoursbysara.com\/","name":"MadridToursbySara","description":"Tours guiados por Madrid y alrededores con Sara, gu\u00eda oficial. Arte, historia y cultura en espa\u00f1ol, ingl\u00e9s e italiano.","potentialAction":[{"@type":"SearchAction","target":{"@type":"EntryPoint","urlTemplate":"https:\/\/madridtoursbysara.com\/?s={search_term_string}"},"query-input":{"@type":"PropertyValueSpecification","valueRequired":true,"valueName":"search_term_string"}}],"inLanguage":"en-GB"}]}},"_links":{"self":[{"href":"https:\/\/madridtoursbysara.com\/en\/wp-json\/wp\/v2\/pages\/6452","targetHints":{"allow":["GET"]}}],"collection":[{"href":"https:\/\/madridtoursbysara.com\/en\/wp-json\/wp\/v2\/pages"}],"about":[{"href":"https:\/\/madridtoursbysara.com\/en\/wp-json\/wp\/v2\/types\/page"}],"author":[{"embeddable":true,"href":"https:\/\/madridtoursbysara.com\/en\/wp-json\/wp\/v2\/users\/1"}],"replies":[{"embeddable":true,"href":"https:\/\/madridtoursbysara.com\/en\/wp-json\/wp\/v2\/comments?post=6452"}],"version-history":[{"count":1,"href":"https:\/\/madridtoursbysara.com\/en\/wp-json\/wp\/v2\/pages\/6452\/revisions"}],"predecessor-version":[{"id":6458,"href":"https:\/\/madridtoursbysara.com\/en\/wp-json\/wp\/v2\/pages\/6452\/revisions\/6458"}],"wp:attachment":[{"href":"https:\/\/madridtoursbysara.com\/en\/wp-json\/wp\/v2\/media?parent=6452"}],"curies":[{"name":"wp","href":"https:\/\/api.w.org\/{rel}","templated":true}]}}