{"id":6431,"date":"2025-07-24T14:14:43","date_gmt":"2025-07-24T14:14:43","guid":{"rendered":"https:\/\/madridtoursbysara.com\/?page_id=6431"},"modified":"2026-01-26T12:31:48","modified_gmt":"2026-01-26T12:31:48","slug":"quien-soy","status":"publish","type":"page","link":"https:\/\/madridtoursbysara.com\/en\/quien-soy\/","title":{"rendered":"About me"},"content":{"rendered":"<div data-elementor-type=\"wp-page\" data-elementor-id=\"6431\" class=\"elementor elementor-6431\">\n\t\t\t\t<div class=\"elementor-element elementor-element-b4efeea e-con-full e-flex e-con e-parent\" data-id=\"b4efeea\" data-element_type=\"container\" data-e-type=\"container\" data-settings=\"{&quot;background_background&quot;:&quot;classic&quot;}\">\n\t\t\t\t<div class=\"elementor-element elementor-element-ce0f48d elementor-invisible elementor-widget elementor-widget-heading\" data-id=\"ce0f48d\" data-element_type=\"widget\" data-e-type=\"widget\" data-settings=\"{&quot;_animation&quot;:&quot;togo-fade-in-up&quot;}\" data-widget_type=\"heading.default\">\n\t\t\t\t\t<h1 class=\"elementor-heading-title elementor-size-default\">Official Licensed Guide in Madrid<\/h1>\t\t\t\t<\/div>\n\t\t\t\t<div class=\"elementor-element elementor-element-15dda0d elementor-widget__width-initial elementor-invisible elementor-widget elementor-widget-heading\" data-id=\"15dda0d\" data-element_type=\"widget\" data-e-type=\"widget\" data-settings=\"{&quot;_animation&quot;:&quot;togo-fade-in-up&quot;}\" data-widget_type=\"heading.default\">\n\t\t\t\t\t<p class=\"elementor-heading-title elementor-size-default\">My name is Sara S\u00e1nchez<\/p>\t\t\t\t<\/div>\n\t\t\t\t<\/div>\n\t\t<div class=\"elementor-element elementor-element-49b34f3 e-flex e-con-boxed e-con e-parent\" data-id=\"49b34f3\" data-element_type=\"container\" data-e-type=\"container\" data-settings=\"{&quot;background_background&quot;:&quot;classic&quot;}\">\n\t\t\t\t\t<div class=\"e-con-inner\">\n\t\t\t\t<div class=\"elementor-element elementor-element-da074c8 elementor-invisible elementor-widget elementor-widget-heading\" data-id=\"da074c8\" data-element_type=\"widget\" data-e-type=\"widget\" data-settings=\"{&quot;_animation&quot;:&quot;togo-fade-in-up&quot;}\" data-widget_type=\"heading.default\">\n\t\t\t\t\t<h2 class=\"elementor-heading-title elementor-size-default\">Why should you take a tour of Madrid with me?<\/h2>\t\t\t\t<\/div>\n\t\t\t\t\t<\/div>\n\t\t\t\t<\/div>\n\t\t<div class=\"elementor-element elementor-element-f01d5f4 e-flex e-con-boxed e-con e-parent\" data-id=\"f01d5f4\" data-element_type=\"container\" data-e-type=\"container\" data-settings=\"{&quot;background_background&quot;:&quot;classic&quot;}\">\n\t\t\t\t\t<div class=\"e-con-inner\">\n\t\t<div class=\"elementor-element elementor-element-4f61ae6 e-con-full e-flex e-con e-child\" data-id=\"4f61ae6\" data-element_type=\"container\" data-e-type=\"container\">\n\t\t\t\t<div class=\"elementor-element elementor-element-d3812e9 elementor-view-default elementor-position-block-start elementor-mobile-position-block-start elementor-invisible elementor-widget elementor-widget-icon-box\" data-id=\"d3812e9\" data-element_type=\"widget\" data-e-type=\"widget\" data-settings=\"{&quot;_animation&quot;:&quot;togo-fade-in-right&quot;}\" data-widget_type=\"icon-box.default\">\n\t\t\t\t\t\t\t<div class=\"elementor-icon-box-wrapper\">\n\n\t\t\t\t\t\t<div class=\"elementor-icon-box-icon\">\n\t\t\t\t<span  class=\"elementor-icon\">\n\t\t\t\t<svg aria-hidden=\"true\" class=\"e-font-icon-svg e-fas-university\" viewbox=\"0 0 512 512\" xmlns=\"http:\/\/www.w3.org\/2000\/svg\"><path d=\"M496 128v16a8 8 0 0 1-8 8h-24v12c0 6.627-5.373 12-12 12H60c-6.627 0-12-5.373-12-12v-12H24a8 8 0 0 1-8-8v-16a8 8 0 0 1 4.941-7.392l232-88a7.996 7.996 0 0 1 6.118 0l232 88A8 8 0 0 1 496 128zm-24 304H40c-13.255 0-24 10.745-24 24v16a8 8 0 0 0 8 8h464a8 8 0 0 0 8-8v-16c0-13.255-10.745-24-24-24zM96 192v192H60c-6.627 0-12 5.373-12 12v20h416v-20c0-6.627-5.373-12-12-12h-36V192h-64v192h-64V192h-64v192h-64V192H96z\"><\/path><\/svg>\t\t\t\t<\/span>\n\t\t\t<\/div>\n\t\t\t\n\t\t\t\t\t\t<div class=\"elementor-icon-box-content\">\n\n\t\t\t\t\t\t\t\t\t<h3 class=\"elementor-icon-box-title\">\n\t\t\t\t\t\t<span  >\n\t\t\t\t\t\t\tI'm an art expert\t\t\t\t\t\t<\/span>\n\t\t\t\t\t<\/h3>\n\t\t\t\t\n\t\t\t\t\t\t\t\t\t<p class=\"elementor-icon-box-description\">\n\t\t\t\t\t\tI love sharing my knowledge of our artistic heritage.\t\t\t\t\t<\/p>\n\t\t\t\t\n\t\t\t<\/div>\n\t\t\t\n\t\t<\/div>\n\t\t\t\t\t\t<\/div>\n\t\t\t\t<\/div>\n\t\t<div class=\"elementor-element elementor-element-0eef4d6 e-con-full e-flex e-con e-child\" data-id=\"0eef4d6\" data-element_type=\"container\" data-e-type=\"container\">\n\t\t\t\t<div class=\"elementor-element elementor-element-526a8f8 elementor-view-default elementor-position-block-start elementor-mobile-position-block-start elementor-invisible elementor-widget elementor-widget-icon-box\" data-id=\"526a8f8\" data-element_type=\"widget\" data-e-type=\"widget\" data-settings=\"{&quot;_animation&quot;:&quot;togo-fade-in-right&quot;}\" data-widget_type=\"icon-box.default\">\n\t\t\t\t\t\t\t<div class=\"elementor-icon-box-wrapper\">\n\n\t\t\t\t\t\t<div class=\"elementor-icon-box-icon\">\n\t\t\t\t<span  class=\"elementor-icon\">\n\t\t\t\t<svg aria-hidden=\"true\" class=\"e-font-icon-svg e-far-grin-alt\" viewbox=\"0 0 496 512\" xmlns=\"http:\/\/www.w3.org\/2000\/svg\"><path d=\"M200.3 248c12.4-18.7 15.1-37.3 15.7-56-.5-18.7-3.3-37.3-15.7-56-8-12-25.1-11.4-32.7 0-12.4 18.7-15.1 37.3-15.7 56 .5 18.7 3.3 37.3 15.7 56 8.1 12 25.2 11.4 32.7 0zm128 0c12.4-18.7 15.1-37.3 15.7-56-.5-18.7-3.3-37.3-15.7-56-8-12-25.1-11.4-32.7 0-12.4 18.7-15.1 37.3-15.7 56 .5 18.7 3.3 37.3 15.7 56 8.1 12 25.2 11.4 32.7 0zM248 8C111 8 0 119 0 256s111 248 248 248 248-111 248-248S385 8 248 8zm0 448c-110.3 0-200-89.7-200-200S137.7 56 248 56s200 89.7 200 200-89.7 200-200 200zm105.6-151.4c-25.9 8.3-64.4 13.1-105.6 13.1s-79.6-4.8-105.6-13.1c-9.9-3.1-19.4 5.3-17.7 15.3 7.9 47.2 71.3 80 123.3 80s115.3-32.9 123.3-80c1.6-9.8-7.7-18.4-17.7-15.3z\"><\/path><\/svg>\t\t\t\t<\/span>\n\t\t\t<\/div>\n\t\t\t\n\t\t\t\t\t\t<div class=\"elementor-icon-box-content\">\n\n\t\t\t\t\t\t\t\t\t<h3 class=\"elementor-icon-box-title\">\n\t\t\t\t\t\t<span  >\n\t\t\t\t\t\t\tI love meeting people\t\t\t\t\t\t<\/span>\n\t\t\t\t\t<\/h3>\n\t\t\t\t\n\t\t\t\t\t\t\t\t\t<p class=\"elementor-icon-box-description\">\n\t\t\t\t\t\tLearning from them and helping them discover and enjoy my country is a true privilege for me.\n\t\t\t\t\t<\/p>\n\t\t\t\t\n\t\t\t<\/div>\n\t\t\t\n\t\t<\/div>\n\t\t\t\t\t\t<\/div>\n\t\t\t\t<\/div>\n\t\t<div class=\"elementor-element elementor-element-aa64c1d e-con-full e-flex e-con e-child\" data-id=\"aa64c1d\" data-element_type=\"container\" data-e-type=\"container\">\n\t\t\t\t<div class=\"elementor-element elementor-element-d203db2 elementor-view-default elementor-position-block-start elementor-mobile-position-block-start elementor-invisible elementor-widget elementor-widget-icon-box\" data-id=\"d203db2\" data-element_type=\"widget\" data-e-type=\"widget\" data-settings=\"{&quot;_animation&quot;:&quot;togo-fade-in-right&quot;}\" data-widget_type=\"icon-box.default\">\n\t\t\t\t\t\t\t<div class=\"elementor-icon-box-wrapper\">\n\n\t\t\t\t\t\t<div class=\"elementor-icon-box-icon\">\n\t\t\t\t<span  class=\"elementor-icon\">\n\t\t\t\t<svg aria-hidden=\"true\" class=\"e-font-icon-svg e-far-lightbulb\" viewbox=\"0 0 352 512\" xmlns=\"http:\/\/www.w3.org\/2000\/svg\"><path d=\"M176 80c-52.94 0-96 43.06-96 96 0 8.84 7.16 16 16 16s16-7.16 16-16c0-35.3 28.72-64 64-64 8.84 0 16-7.16 16-16s-7.16-16-16-16zM96.06 459.17c0 3.15.93 6.22 2.68 8.84l24.51 36.84c2.97 4.46 7.97 7.14 13.32 7.14h78.85c5.36 0 10.36-2.68 13.32-7.14l24.51-36.84c1.74-2.62 2.67-5.7 2.68-8.84l.05-43.18H96.02l.04 43.18zM176 0C73.72 0 0 82.97 0 176c0 44.37 16.45 84.85 43.56 115.78 16.64 18.99 42.74 58.8 52.42 92.16v.06h48v-.12c-.01-4.77-.72-9.51-2.15-14.07-5.59-17.81-22.82-64.77-62.17-109.67-20.54-23.43-31.52-53.15-31.61-84.14-.2-73.64 59.67-128 127.95-128 70.58 0 128 57.42 128 128 0 30.97-11.24 60.85-31.65 84.14-39.11 44.61-56.42 91.47-62.1 109.46a47.507 47.507 0 0 0-2.22 14.3v.1h48v-.05c9.68-33.37 35.78-73.18 52.42-92.16C335.55 260.85 352 220.37 352 176 352 78.8 273.2 0 176 0z\"><\/path><\/svg>\t\t\t\t<\/span>\n\t\t\t<\/div>\n\t\t\t\n\t\t\t\t\t\t<div class=\"elementor-icon-box-content\">\n\n\t\t\t\t\t\t\t\t\t<h3 class=\"elementor-icon-box-title\">\n\t\t\t\t\t\t<span  >\n\t\t\t\t\t\t\tI'm curious\t\t\t\t\t\t<\/span>\n\t\t\t\t\t<\/h3>\n\t\t\t\t\n\t\t\t\t\t\t\t\t\t<p class=\"elementor-icon-box-description\">\n\t\t\t\t\t\tAnd that's why I like to satisfy your curiosity about all possible aspects of Spain: history, culture, traditions, lifestyle, gastronomy, politics, economy... \t\t\t\t\t<\/p>\n\t\t\t\t\n\t\t\t<\/div>\n\t\t\t\n\t\t<\/div>\n\t\t\t\t\t\t<\/div>\n\t\t\t\t<\/div>\n\t\t\t\t\t<\/div>\n\t\t\t\t<\/div>\n\t\t<div class=\"elementor-element elementor-element-cbb6733 e-flex e-con-boxed e-con e-parent\" data-id=\"cbb6733\" data-element_type=\"container\" data-e-type=\"container\" data-settings=\"{&quot;background_background&quot;:&quot;classic&quot;}\">\n\t\t\t\t\t<div class=\"e-con-inner\">\n\t\t<div class=\"elementor-element elementor-element-8abc54c e-con-full e-flex elementor-invisible e-con e-child\" data-id=\"8abc54c\" data-element_type=\"container\" data-e-type=\"container\" data-settings=\"{&quot;animation&quot;:&quot;togo-fade-in-left&quot;}\">\n\t\t\t\t<div class=\"elementor-element elementor-element-48978be elementor-widget elementor-widget-heading\" data-id=\"48978be\" data-element_type=\"widget\" data-e-type=\"widget\" data-widget_type=\"heading.default\">\n\t\t\t\t\t<p class=\"elementor-heading-title elementor-size-default\">My Story<\/p>\t\t\t\t<\/div>\n\t\t\t\t<div class=\"elementor-element elementor-element-f27db04 elementor-widget elementor-widget-heading\" data-id=\"f27db04\" data-element_type=\"widget\" data-e-type=\"widget\" data-widget_type=\"heading.default\">\n\t\t\t\t\t<h2 class=\"elementor-heading-title elementor-size-default\">Traveling and speaking other languages \u200b\u200bhave always been an important part of me.<\/h2>\t\t\t\t<\/div>\n\t\t\t\t<div class=\"elementor-element elementor-element-5e3c746 elementor-widget__width-inherit elementor-widget elementor-widget-text-editor\" data-id=\"5e3c746\" data-element_type=\"widget\" data-e-type=\"widget\" data-widget_type=\"text-editor.default\">\n\t\t\t\t\t\t\t\t\t<p class=\"p1\"><span class=\"s1\">Although I was born in Madrid and have spent most of my life here, I've also lived abroad for over 10 years, including other parts of Spain, Italy, and the United States.<\/span><\/p>\t\t\t\t\t\t\t\t<\/div>\n\t\t<div class=\"elementor-element elementor-element-6574baa e-con-full e-flex elementor-invisible e-con e-child\" data-id=\"6574baa\" data-element_type=\"container\" data-e-type=\"container\" data-settings=\"{&quot;animation&quot;:&quot;togo-fade-in-left&quot;}\">\n\t\t\t\t<div class=\"elementor-element elementor-element-48fc4a5 elementor-widget__width-initial elementor-widget elementor-widget-heading\" data-id=\"48fc4a5\" data-element_type=\"widget\" data-e-type=\"widget\" data-widget_type=\"heading.default\">\n\t\t\t\t\t<h2 class=\"elementor-heading-title elementor-size-default\">Art and history are my passions.<\/h2>\t\t\t\t<\/div>\n\t\t\t\t<div class=\"elementor-element elementor-element-a5e013d elementor-widget__width-initial elementor-widget elementor-widget-text-editor\" data-id=\"a5e013d\" data-element_type=\"widget\" data-e-type=\"widget\" data-widget_type=\"text-editor.default\">\n\t\t\t\t\t\t\t\t\t<p class=\"p1\"><span class=\"s1\">That's why I studied Fine Arts. After my master's degree, I pursued a career as an art teacher. But when I started guiding in 2016 while living in northern Spain, I knew immediately that I was meant to do it. I'm so happy to have been able to turn my passion for travel, knowledge, and languages \u200b\u200binto a way of life.<\/span><\/p>\t\t\t\t\t\t\t\t<\/div>\n\t\t\t\t<\/div>\n\t\t\t\t<\/div>\n\t\t<div class=\"elementor-element elementor-element-57b6682 e-con-full e-flex e-con e-child\" data-id=\"57b6682\" data-element_type=\"container\" data-e-type=\"container\">\n\t\t\t\t<div class=\"elementor-element elementor-element-4135eec elementor-invisible elementor-widget elementor-widget-image\" data-id=\"4135eec\" data-element_type=\"widget\" data-e-type=\"widget\" data-settings=\"{&quot;_animation&quot;:&quot;togo-fade-in-down&quot;}\" data-widget_type=\"image.default\">\n\t\t\t\t\t\t\t\t\t\t\t\t\t\t\t<img fetchpriority=\"high\" decoding=\"async\" width=\"768\" height=\"1024\" src=\"https:\/\/madridtoursbysara.com\/wp-content\/uploads\/2025\/07\/IMG-20231214-WA0034.jpg\" class=\"attachment-full size-full wp-image-6643\" alt=\"Sara explicando una obra de arte gu\u00eda oficial en Madrid\" srcset=\"https:\/\/madridtoursbysara.com\/wp-content\/uploads\/2025\/07\/IMG-20231214-WA0034.jpg 768w, https:\/\/madridtoursbysara.com\/wp-content\/uploads\/2025\/07\/IMG-20231214-WA0034-225x300.jpg 225w, https:\/\/madridtoursbysara.com\/wp-content\/uploads\/2025\/07\/IMG-20231214-WA0034-600x800.jpg 600w\" sizes=\"(max-width: 768px) 100vw, 768px\" \/>\t\t\t\t\t\t\t\t\t\t\t\t\t\t\t<\/div>\n\t\t\t\t<\/div>\n\t\t<div class=\"elementor-element elementor-element-58a22f0 e-con-full e-flex e-con e-child\" data-id=\"58a22f0\" data-element_type=\"container\" data-e-type=\"container\">\n\t\t\t\t<div class=\"elementor-element elementor-element-5caf98b elementor-invisible elementor-widget elementor-widget-image\" data-id=\"5caf98b\" data-element_type=\"widget\" data-e-type=\"widget\" data-settings=\"{&quot;_animation&quot;:&quot;togo-fade-in-up&quot;}\" data-widget_type=\"image.default\">\n\t\t\t\t\t\t\t\t\t\t\t\t\t\t\t<img decoding=\"async\" width=\"768\" height=\"1024\" src=\"https:\/\/madridtoursbysara.com\/wp-content\/uploads\/2025\/07\/IMG-20231215-WA0014.jpg\" class=\"attachment-full size-full wp-image-6644\" alt=\"Sara explicando una obra de arte gu\u00eda oficial en Madrid\" srcset=\"https:\/\/madridtoursbysara.com\/wp-content\/uploads\/2025\/07\/IMG-20231215-WA0014.jpg 768w, https:\/\/madridtoursbysara.com\/wp-content\/uploads\/2025\/07\/IMG-20231215-WA0014-225x300.jpg 225w, https:\/\/madridtoursbysara.com\/wp-content\/uploads\/2025\/07\/IMG-20231215-WA0014-600x800.jpg 600w\" sizes=\"(max-width: 768px) 100vw, 768px\" \/>\t\t\t\t\t\t\t\t\t\t\t\t\t\t\t<\/div>\n\t\t\t\t<\/div>\n\t\t\t\t\t<\/div>\n\t\t\t\t<\/div>\n\t\t<div class=\"elementor-element elementor-element-51b7375 e-flex e-con-boxed e-con e-parent\" data-id=\"51b7375\" data-element_type=\"container\" data-e-type=\"container\" data-settings=\"{&quot;background_background&quot;:&quot;classic&quot;}\">\n\t\t\t\t\t<div class=\"e-con-inner\">\n\t\t\t\t<div class=\"elementor-element elementor-element-f08df98 elementor-align-center elementor-invisible elementor-widget elementor-widget-button\" data-id=\"f08df98\" data-element_type=\"widget\" data-e-type=\"widget\" data-settings=\"{&quot;_animation&quot;:&quot;togo-fade-in-up&quot;}\" data-widget_type=\"button.default\">\n\t\t\t\t\t\t\t\t\t\t<a class=\"elementor-button elementor-button-link elementor-size-sm\" href=\"https:\/\/madridtoursbysara.com\/en\/contacto\/\">\n\t\t\t\t\t\t<span class=\"elementor-button-content-wrapper\">\n\t\t\t\t\t\t\t\t\t<span class=\"elementor-button-text\">Contact &amp; booking<\/span>\n\t\t\t\t\t<\/span>\n\t\t\t\t\t<\/a>\n\t\t\t\t\t\t\t\t<\/div>\n\t\t\t\t\t<\/div>\n\t\t\t\t<\/div>\n\t\t\t\t<\/div>","protected":false},"excerpt":{"rendered":"<p>Gu\u00eda oficial en Madrid Mi nombre es Sara S\u00e1nchez \u00bfPor qu\u00e9 hacer un Tour en Madrid conmigo? Soy experta en arte me encanta compartir mis conocimientos sobre nuestro patrimonio art\u00edstico Me encanta conocer gente aprender de ellos y ayudarles a descubrir y disfrutar de mi pa\u00eds. Este trabajo es un verdadero privilegio para m\u00ed. Soy [&hellip;]<\/p>\n","protected":false},"author":1,"featured_media":0,"parent":0,"menu_order":0,"comment_status":"closed","ping_status":"closed","template":"elementor_header_footer","meta":{"footnotes":""},"class_list":["post-6431","page","type-page","status-publish","hentry"],"yoast_head":"<!-- This site is optimized with the Yoast SEO plugin v26.9 - https:\/\/yoast.com\/product\/yoast-seo-wordpress\/ -->\n<title>Gu\u00eda oficial en Madrid | Conoce a Sara S\u00e1nchez<\/title>\n<meta name=\"description\" content=\"Soy Sara, gu\u00eda oficial en Madrid. Experta en arte, historia y cultura. Descubre por qu\u00e9 mis tours son \u00fanicos y personales.\" \/>\n<meta name=\"robots\" content=\"index, follow, max-snippet:-1, max-image-preview:large, max-video-preview:-1\" \/>\n<link rel=\"canonical\" href=\"https:\/\/madridtoursbysara.com\/en\/quien-soy\/\" \/>\n<meta property=\"og:locale\" content=\"en_GB\" \/>\n<meta property=\"og:type\" content=\"article\" \/>\n<meta property=\"og:title\" content=\"Gu\u00eda oficial en Madrid | Conoce a Sara S\u00e1nchez\" \/>\n<meta property=\"og:description\" content=\"Soy Sara, gu\u00eda oficial en Madrid. Experta en arte, historia y cultura. Descubre por qu\u00e9 mis tours son \u00fanicos y personales.\" \/>\n<meta property=\"og:url\" content=\"https:\/\/madridtoursbysara.com\/en\/quien-soy\/\" \/>\n<meta property=\"og:site_name\" content=\"MadridToursbySara\" \/>\n<meta property=\"article:modified_time\" content=\"2026-01-26T12:31:48+00:00\" \/>\n<meta property=\"og:image\" content=\"https:\/\/madridtoursbysara.com\/wp-content\/uploads\/2025\/07\/IMG-20231214-WA0034.jpg\" \/>\n\t<meta property=\"og:image:width\" content=\"768\" \/>\n\t<meta property=\"og:image:height\" content=\"1024\" \/>\n\t<meta property=\"og:image:type\" content=\"image\/jpeg\" \/>\n<meta name=\"twitter:card\" content=\"summary_large_image\" \/>\n<meta name=\"twitter:label1\" content=\"Estimated reading time\" \/>\n\t<meta name=\"twitter:data1\" content=\"1 minute\" \/>\n<script type=\"application\/ld+json\" class=\"yoast-schema-graph\">{\"@context\":\"https:\/\/schema.org\",\"@graph\":[{\"@type\":\"WebPage\",\"@id\":\"https:\/\/madridtoursbysara.com\/quien-soy\/\",\"url\":\"https:\/\/madridtoursbysara.com\/quien-soy\/\",\"name\":\"Gu\u00eda oficial en Madrid | Conoce a Sara S\u00e1nchez\",\"isPartOf\":{\"@id\":\"https:\/\/madridtoursbysara.com\/#website\"},\"primaryImageOfPage\":{\"@id\":\"https:\/\/madridtoursbysara.com\/quien-soy\/#primaryimage\"},\"image\":{\"@id\":\"https:\/\/madridtoursbysara.com\/quien-soy\/#primaryimage\"},\"thumbnailUrl\":\"https:\/\/madridtoursbysara.com\/wp-content\/uploads\/2025\/07\/IMG-20231214-WA0034.jpg\",\"datePublished\":\"2025-07-24T14:14:43+00:00\",\"dateModified\":\"2026-01-26T12:31:48+00:00\",\"description\":\"Soy Sara, gu\u00eda oficial en Madrid. Experta en arte, historia y cultura. Descubre por qu\u00e9 mis tours son \u00fanicos y personales.\",\"breadcrumb\":{\"@id\":\"https:\/\/madridtoursbysara.com\/quien-soy\/#breadcrumb\"},\"inLanguage\":\"en-GB\",\"potentialAction\":[{\"@type\":\"ReadAction\",\"target\":[\"https:\/\/madridtoursbysara.com\/quien-soy\/\"]}]},{\"@type\":\"ImageObject\",\"inLanguage\":\"en-GB\",\"@id\":\"https:\/\/madridtoursbysara.com\/quien-soy\/#primaryimage\",\"url\":\"https:\/\/madridtoursbysara.com\/wp-content\/uploads\/2025\/07\/IMG-20231214-WA0034.jpg\",\"contentUrl\":\"https:\/\/madridtoursbysara.com\/wp-content\/uploads\/2025\/07\/IMG-20231214-WA0034.jpg\"},{\"@type\":\"BreadcrumbList\",\"@id\":\"https:\/\/madridtoursbysara.com\/quien-soy\/#breadcrumb\",\"itemListElement\":[{\"@type\":\"ListItem\",\"position\":1,\"name\":\"Home\",\"item\":\"https:\/\/madridtoursbysara.com\/\"},{\"@type\":\"ListItem\",\"position\":2,\"name\":\"Qui\u00e9n soy\"}]},{\"@type\":\"WebSite\",\"@id\":\"https:\/\/madridtoursbysara.com\/#website\",\"url\":\"https:\/\/madridtoursbysara.com\/\",\"name\":\"MadridToursbySara\",\"description\":\"Tours guiados por Madrid y alrededores con Sara, gu\u00eda oficial. Arte, historia y cultura en espa\u00f1ol, ingl\u00e9s e italiano.\",\"potentialAction\":[{\"@type\":\"SearchAction\",\"target\":{\"@type\":\"EntryPoint\",\"urlTemplate\":\"https:\/\/madridtoursbysara.com\/?s={search_term_string}\"},\"query-input\":{\"@type\":\"PropertyValueSpecification\",\"valueRequired\":true,\"valueName\":\"search_term_string\"}}],\"inLanguage\":\"en-GB\"}]}<\/script>\n<!-- \/ Yoast SEO plugin. -->","yoast_head_json":{"title":"Gu\u00eda oficial en Madrid | Conoce a Sara S\u00e1nchez","description":"Soy Sara, gu\u00eda oficial en Madrid. Experta en arte, historia y cultura. Descubre por qu\u00e9 mis tours son \u00fanicos y personales.","robots":{"index":"index","follow":"follow","max-snippet":"max-snippet:-1","max-image-preview":"max-image-preview:large","max-video-preview":"max-video-preview:-1"},"canonical":"https:\/\/madridtoursbysara.com\/en\/quien-soy\/","og_locale":"en_GB","og_type":"article","og_title":"Gu\u00eda oficial en Madrid | Conoce a Sara S\u00e1nchez","og_description":"Soy Sara, gu\u00eda oficial en Madrid. Experta en arte, historia y cultura. Descubre por qu\u00e9 mis tours son \u00fanicos y personales.","og_url":"https:\/\/madridtoursbysara.com\/en\/quien-soy\/","og_site_name":"MadridToursbySara","article_modified_time":"2026-01-26T12:31:48+00:00","og_image":[{"width":768,"height":1024,"url":"https:\/\/madridtoursbysara.com\/wp-content\/uploads\/2025\/07\/IMG-20231214-WA0034.jpg","type":"image\/jpeg"}],"twitter_card":"summary_large_image","twitter_misc":{"Estimated reading time":"1 minute"},"schema":{"@context":"https:\/\/schema.org","@graph":[{"@type":"WebPage","@id":"https:\/\/madridtoursbysara.com\/quien-soy\/","url":"https:\/\/madridtoursbysara.com\/quien-soy\/","name":"Gu\u00eda oficial en Madrid | Conoce a Sara S\u00e1nchez","isPartOf":{"@id":"https:\/\/madridtoursbysara.com\/#website"},"primaryImageOfPage":{"@id":"https:\/\/madridtoursbysara.com\/quien-soy\/#primaryimage"},"image":{"@id":"https:\/\/madridtoursbysara.com\/quien-soy\/#primaryimage"},"thumbnailUrl":"https:\/\/madridtoursbysara.com\/wp-content\/uploads\/2025\/07\/IMG-20231214-WA0034.jpg","datePublished":"2025-07-24T14:14:43+00:00","dateModified":"2026-01-26T12:31:48+00:00","description":"Soy Sara, gu\u00eda oficial en Madrid. Experta en arte, historia y cultura. Descubre por qu\u00e9 mis tours son \u00fanicos y personales.","breadcrumb":{"@id":"https:\/\/madridtoursbysara.com\/quien-soy\/#breadcrumb"},"inLanguage":"en-GB","potentialAction":[{"@type":"ReadAction","target":["https:\/\/madridtoursbysara.com\/quien-soy\/"]}]},{"@type":"ImageObject","inLanguage":"en-GB","@id":"https:\/\/madridtoursbysara.com\/quien-soy\/#primaryimage","url":"https:\/\/madridtoursbysara.com\/wp-content\/uploads\/2025\/07\/IMG-20231214-WA0034.jpg","contentUrl":"https:\/\/madridtoursbysara.com\/wp-content\/uploads\/2025\/07\/IMG-20231214-WA0034.jpg"},{"@type":"BreadcrumbList","@id":"https:\/\/madridtoursbysara.com\/quien-soy\/#breadcrumb","itemListElement":[{"@type":"ListItem","position":1,"name":"Home","item":"https:\/\/madridtoursbysara.com\/"},{"@type":"ListItem","position":2,"name":"Qui\u00e9n soy"}]},{"@type":"WebSite","@id":"https:\/\/madridtoursbysara.com\/#website","url":"https:\/\/madridtoursbysara.com\/","name":"MadridToursbySara","description":"Tours guiados por Madrid y alrededores con Sara, gu\u00eda oficial. Arte, historia y cultura en espa\u00f1ol, ingl\u00e9s e italiano.","potentialAction":[{"@type":"SearchAction","target":{"@type":"EntryPoint","urlTemplate":"https:\/\/madridtoursbysara.com\/?s={search_term_string}"},"query-input":{"@type":"PropertyValueSpecification","valueRequired":true,"valueName":"search_term_string"}}],"inLanguage":"en-GB"}]}},"_links":{"self":[{"href":"https:\/\/madridtoursbysara.com\/en\/wp-json\/wp\/v2\/pages\/6431","targetHints":{"allow":["GET"]}}],"collection":[{"href":"https:\/\/madridtoursbysara.com\/en\/wp-json\/wp\/v2\/pages"}],"about":[{"href":"https:\/\/madridtoursbysara.com\/en\/wp-json\/wp\/v2\/types\/page"}],"author":[{"embeddable":true,"href":"https:\/\/madridtoursbysara.com\/en\/wp-json\/wp\/v2\/users\/1"}],"replies":[{"embeddable":true,"href":"https:\/\/madridtoursbysara.com\/en\/wp-json\/wp\/v2\/comments?post=6431"}],"version-history":[{"count":23,"href":"https:\/\/madridtoursbysara.com\/en\/wp-json\/wp\/v2\/pages\/6431\/revisions"}],"predecessor-version":[{"id":7354,"href":"https:\/\/madridtoursbysara.com\/en\/wp-json\/wp\/v2\/pages\/6431\/revisions\/7354"}],"wp:attachment":[{"href":"https:\/\/madridtoursbysara.com\/en\/wp-json\/wp\/v2\/media?parent=6431"}],"curies":[{"name":"wp","href":"https:\/\/api.w.org\/{rel}","templated":true}]}}