{"id":3,"date":"2025-07-23T13:45:49","date_gmt":"2025-07-23T13:45:49","guid":{"rendered":"https:\/\/madridtoursbysara.com\/?page_id=3"},"modified":"2025-07-30T16:04:31","modified_gmt":"2025-07-30T16:04:31","slug":"politica-de-cookies","status":"publish","type":"page","link":"https:\/\/madridtoursbysara.com\/en\/politica-de-cookies\/","title":{"rendered":"Cookies policy"},"content":{"rendered":"<p>www.madridtoursbysara.com\u00a0utiliza cookies para mejorar la experiencia del usuario. Estas incluyen cookies propias y de terceros (Google Analytics).<\/p>\n\n\n\n<p><strong>1. Definici\u00f3n y funci\u00f3n de las cookies<\/strong>&nbsp;Las cookies son archivos que se almacenan en el dispositivo del usuario con el objetivo de mejorar la navegaci\u00f3n y permitir ciertas funcionalidades.<\/p>\n\n\n\n<p><strong>2. Tipos de cookies utilizadas<\/strong><\/p>\n\n\n\n<ul class=\"wp-block-list\">\n<li><strong>Cookies t\u00e9cnicas<\/strong>: Necesarias para el funcionamiento del sitio web.<\/li>\n\n\n\n<li><strong>Cookies de an\u00e1lisis<\/strong>: Utilizadas para medir y analizar el tr\u00e1fico en la web mediante Google Analytics.<\/li>\n<\/ul>\n\n\n\n<p><strong>3. Gestor de consentimiento<\/strong>&nbsp;Los usuarios pueden aceptar, rechazar o configurar sus preferencias sobre el uso de cookies mediante el aviso emergente en la web.<\/p>\n\n\n\n<p><strong>4. C\u00f3mo eliminar las cookies<\/strong>&nbsp;Las cookies pueden gestionarse a trav\u00e9s de la configuraci\u00f3n del navegador del usuario. Se incluyen instrucciones para los navegadores m\u00e1s utilizados:<\/p>\n\n\n\n<p><a href=\"https:\/\/support.apple.com\/es-es\/guide\/safari\/sfri11471\/mac\">Safari<\/a><\/p>\n\n\n\n<p><a href=\"https:\/\/support.google.com\/chrome\/answer\/95647?hl=es\">Google Chrome<\/a><\/p>\n\n\n\n<p><a href=\"https:\/\/support.mozilla.org\/es\/kb\/habilitar-y-deshabilitar-cookies-sitios-web-rastrear-preferencias\">Mozilla Firefox<\/a><\/p>\n\n\n\n<p><a href=\"https:\/\/support.microsoft.com\/es-es\/microsoft-edge\/administrar-cookies-en-microsoft-edge-63947406-40ac-c3b8-57b9-2a946a29ae09\">Microsoft Edge<\/a><\/p>\n\n\n\n<p><\/p>","protected":false},"excerpt":{"rendered":"<p>www.madridtoursbysara.com\u00a0utiliza cookies para mejorar la experiencia del usuario. Estas incluyen cookies propias y de terceros (Google Analytics). 1. Definici\u00f3n y funci\u00f3n de las cookies&nbsp;Las cookies son archivos que se almacenan en el dispositivo del usuario con el objetivo de mejorar la navegaci\u00f3n y permitir ciertas funcionalidades. 2. Tipos de cookies utilizadas 3. Gestor de consentimiento&nbsp;Los [&hellip;]<\/p>\n","protected":false},"author":1,"featured_media":0,"parent":0,"menu_order":0,"comment_status":"closed","ping_status":"closed","template":"","meta":{"footnotes":""},"class_list":["post-3","page","type-page","status-publish","hentry"],"yoast_head":"<!-- This site is optimized with the Yoast SEO plugin v26.9 - https:\/\/yoast.com\/product\/yoast-seo-wordpress\/ -->\n<title>Pol\u00edtica de cookies - MadridToursbySara<\/title>\n<meta name=\"robots\" content=\"index, follow, max-snippet:-1, max-image-preview:large, max-video-preview:-1\" \/>\n<link rel=\"canonical\" href=\"https:\/\/madridtoursbysara.com\/en\/politica-de-cookies\/\" \/>\n<meta property=\"og:locale\" content=\"en_GB\" \/>\n<meta property=\"og:type\" content=\"article\" \/>\n<meta property=\"og:title\" content=\"Pol\u00edtica de cookies - MadridToursbySara\" \/>\n<meta property=\"og:description\" content=\"www.madridtoursbysara.com\u00a0utiliza cookies para mejorar la experiencia del usuario. Estas incluyen cookies propias y de terceros (Google Analytics). 1. Definici\u00f3n y funci\u00f3n de las cookies&nbsp;Las cookies son archivos que se almacenan en el dispositivo del usuario con el objetivo de mejorar la navegaci\u00f3n y permitir ciertas funcionalidades. 2. Tipos de cookies utilizadas 3. Gestor de consentimiento&nbsp;Los [&hellip;]\" \/>\n<meta property=\"og:url\" content=\"https:\/\/madridtoursbysara.com\/en\/politica-de-cookies\/\" \/>\n<meta property=\"og:site_name\" content=\"MadridToursbySara\" \/>\n<meta property=\"article:modified_time\" content=\"2025-07-30T16:04:31+00:00\" \/>\n<meta name=\"twitter:card\" content=\"summary_large_image\" \/>\n<meta name=\"twitter:label1\" content=\"Estimated reading time\" \/>\n\t<meta name=\"twitter:data1\" content=\"1 minute\" \/>\n<script type=\"application\/ld+json\" class=\"yoast-schema-graph\">{\"@context\":\"https:\/\/schema.org\",\"@graph\":[{\"@type\":\"WebPage\",\"@id\":\"https:\/\/madridtoursbysara.com\/politica-de-cookies\/\",\"url\":\"https:\/\/madridtoursbysara.com\/politica-de-cookies\/\",\"name\":\"Pol\u00edtica de cookies - MadridToursbySara\",\"isPartOf\":{\"@id\":\"https:\/\/madridtoursbysara.com\/#website\"},\"datePublished\":\"2025-07-23T13:45:49+00:00\",\"dateModified\":\"2025-07-30T16:04:31+00:00\",\"breadcrumb\":{\"@id\":\"https:\/\/madridtoursbysara.com\/politica-de-cookies\/#breadcrumb\"},\"inLanguage\":\"en-GB\",\"potentialAction\":[{\"@type\":\"ReadAction\",\"target\":[\"https:\/\/madridtoursbysara.com\/politica-de-cookies\/\"]}]},{\"@type\":\"BreadcrumbList\",\"@id\":\"https:\/\/madridtoursbysara.com\/politica-de-cookies\/#breadcrumb\",\"itemListElement\":[{\"@type\":\"ListItem\",\"position\":1,\"name\":\"Home\",\"item\":\"https:\/\/madridtoursbysara.com\/\"},{\"@type\":\"ListItem\",\"position\":2,\"name\":\"Pol\u00edtica de cookies\"}]},{\"@type\":\"WebSite\",\"@id\":\"https:\/\/madridtoursbysara.com\/#website\",\"url\":\"https:\/\/madridtoursbysara.com\/\",\"name\":\"MadridToursbySara\",\"description\":\"Tours guiados por Madrid y alrededores con Sara, gu\u00eda oficial. Arte, historia y cultura en espa\u00f1ol, ingl\u00e9s e italiano.\",\"potentialAction\":[{\"@type\":\"SearchAction\",\"target\":{\"@type\":\"EntryPoint\",\"urlTemplate\":\"https:\/\/madridtoursbysara.com\/?s={search_term_string}\"},\"query-input\":{\"@type\":\"PropertyValueSpecification\",\"valueRequired\":true,\"valueName\":\"search_term_string\"}}],\"inLanguage\":\"en-GB\"}]}<\/script>\n<!-- \/ Yoast SEO plugin. -->","yoast_head_json":{"title":"Pol\u00edtica de cookies - MadridToursbySara","robots":{"index":"index","follow":"follow","max-snippet":"max-snippet:-1","max-image-preview":"max-image-preview:large","max-video-preview":"max-video-preview:-1"},"canonical":"https:\/\/madridtoursbysara.com\/en\/politica-de-cookies\/","og_locale":"en_GB","og_type":"article","og_title":"Pol\u00edtica de cookies - MadridToursbySara","og_description":"www.madridtoursbysara.com\u00a0utiliza cookies para mejorar la experiencia del usuario. Estas incluyen cookies propias y de terceros (Google Analytics). 1. Definici\u00f3n y funci\u00f3n de las cookies&nbsp;Las cookies son archivos que se almacenan en el dispositivo del usuario con el objetivo de mejorar la navegaci\u00f3n y permitir ciertas funcionalidades. 2. Tipos de cookies utilizadas 3. Gestor de consentimiento&nbsp;Los [&hellip;]","og_url":"https:\/\/madridtoursbysara.com\/en\/politica-de-cookies\/","og_site_name":"MadridToursbySara","article_modified_time":"2025-07-30T16:04:31+00:00","twitter_card":"summary_large_image","twitter_misc":{"Estimated reading time":"1 minute"},"schema":{"@context":"https:\/\/schema.org","@graph":[{"@type":"WebPage","@id":"https:\/\/madridtoursbysara.com\/politica-de-cookies\/","url":"https:\/\/madridtoursbysara.com\/politica-de-cookies\/","name":"Pol\u00edtica de cookies - MadridToursbySara","isPartOf":{"@id":"https:\/\/madridtoursbysara.com\/#website"},"datePublished":"2025-07-23T13:45:49+00:00","dateModified":"2025-07-30T16:04:31+00:00","breadcrumb":{"@id":"https:\/\/madridtoursbysara.com\/politica-de-cookies\/#breadcrumb"},"inLanguage":"en-GB","potentialAction":[{"@type":"ReadAction","target":["https:\/\/madridtoursbysara.com\/politica-de-cookies\/"]}]},{"@type":"BreadcrumbList","@id":"https:\/\/madridtoursbysara.com\/politica-de-cookies\/#breadcrumb","itemListElement":[{"@type":"ListItem","position":1,"name":"Home","item":"https:\/\/madridtoursbysara.com\/"},{"@type":"ListItem","position":2,"name":"Pol\u00edtica de cookies"}]},{"@type":"WebSite","@id":"https:\/\/madridtoursbysara.com\/#website","url":"https:\/\/madridtoursbysara.com\/","name":"MadridToursbySara","description":"Tours guiados por Madrid y alrededores con Sara, gu\u00eda oficial. Arte, historia y cultura en espa\u00f1ol, ingl\u00e9s e italiano.","potentialAction":[{"@type":"SearchAction","target":{"@type":"EntryPoint","urlTemplate":"https:\/\/madridtoursbysara.com\/?s={search_term_string}"},"query-input":{"@type":"PropertyValueSpecification","valueRequired":true,"valueName":"search_term_string"}}],"inLanguage":"en-GB"}]}},"_links":{"self":[{"href":"https:\/\/madridtoursbysara.com\/en\/wp-json\/wp\/v2\/pages\/3","targetHints":{"allow":["GET"]}}],"collection":[{"href":"https:\/\/madridtoursbysara.com\/en\/wp-json\/wp\/v2\/pages"}],"about":[{"href":"https:\/\/madridtoursbysara.com\/en\/wp-json\/wp\/v2\/types\/page"}],"author":[{"embeddable":true,"href":"https:\/\/madridtoursbysara.com\/en\/wp-json\/wp\/v2\/users\/1"}],"replies":[{"embeddable":true,"href":"https:\/\/madridtoursbysara.com\/en\/wp-json\/wp\/v2\/comments?post=3"}],"version-history":[{"count":5,"href":"https:\/\/madridtoursbysara.com\/en\/wp-json\/wp\/v2\/pages\/3\/revisions"}],"predecessor-version":[{"id":6894,"href":"https:\/\/madridtoursbysara.com\/en\/wp-json\/wp\/v2\/pages\/3\/revisions\/6894"}],"wp:attachment":[{"href":"https:\/\/madridtoursbysara.com\/en\/wp-json\/wp\/v2\/media?parent=3"}],"curies":[{"name":"wp","href":"https:\/\/api.w.org\/{rel}","templated":true}]}}