{"id":2273,"date":"2025-04-09T14:04:36","date_gmt":"2025-04-09T07:04:36","guid":{"rendered":"https:\/\/togo.uxper.co\/?page_id=2273"},"modified":"2025-11-10T17:54:41","modified_gmt":"2025-11-10T17:54:41","slug":"tours","status":"publish","type":"page","link":"https:\/\/madridtoursbysara.com\/en\/tours\/","title":{"rendered":"Mis tours"},"content":{"rendered":"\t\t<div data-elementor-type=\"wp-page\" data-elementor-id=\"2273\" class=\"elementor elementor-2273\">\n\t\t\t\t<div class=\"elementor-element elementor-element-b4efeea e-flex e-con-boxed e-con e-parent\" data-id=\"b4efeea\" data-element_type=\"container\" data-e-type=\"container\" data-settings=\"{&quot;background_background&quot;:&quot;slideshow&quot;,&quot;background_slideshow_gallery&quot;:[{&quot;id&quot;:6696,&quot;url&quot;:&quot;https:\\\/\\\/madridtoursbysara.com\\\/wp-content\\\/uploads\\\/2025\\\/07\\\/PXL_20250227_171459578.MP_-2-scaled.jpg&quot;},{&quot;id&quot;:6686,&quot;url&quot;:&quot;https:\\\/\\\/madridtoursbysara.com\\\/wp-content\\\/uploads\\\/2025\\\/07\\\/madrid-1999645_1280.jpg&quot;},{&quot;id&quot;:6679,&quot;url&quot;:&quot;https:\\\/\\\/madridtoursbysara.com\\\/wp-content\\\/uploads\\\/2025\\\/07\\\/IMG_20240501_180353-scaled.jpg&quot;},{&quot;id&quot;:6660,&quot;url&quot;:&quot;https:\\\/\\\/madridtoursbysara.com\\\/wp-content\\\/uploads\\\/2025\\\/07\\\/madrid-1758045_1280.jpg&quot;},{&quot;id&quot;:6664,&quot;url&quot;:&quot;https:\\\/\\\/madridtoursbysara.com\\\/wp-content\\\/uploads\\\/2025\\\/07\\\/sunset-2441771_1280.jpg&quot;}],&quot;background_slideshow_loop&quot;:&quot;yes&quot;,&quot;background_slideshow_slide_duration&quot;:5000,&quot;background_slideshow_slide_transition&quot;:&quot;fade&quot;,&quot;background_slideshow_transition_duration&quot;:500}\">\n\t\t\t\t\t<div class=\"e-con-inner\">\n\t\t\t\t<div class=\"elementor-element elementor-element-ce0f48d elementor-invisible elementor-widget elementor-widget-heading\" data-id=\"ce0f48d\" data-element_type=\"widget\" data-e-type=\"widget\" data-settings=\"{&quot;_animation&quot;:&quot;togo-fade-in-up&quot;}\" data-widget_type=\"heading.default\">\n\t\t\t\t\t<h1 class=\"elementor-heading-title elementor-size-default\">Tours en Madrid<\/h1>\t\t\t\t<\/div>\n\t\t\t\t<div class=\"elementor-element elementor-element-15dda0d elementor-widget__width-initial elementor-invisible elementor-widget elementor-widget-heading\" data-id=\"15dda0d\" data-element_type=\"widget\" data-e-type=\"widget\" data-settings=\"{&quot;_animation&quot;:&quot;togo-fade-in-up&quot;}\" data-widget_type=\"heading.default\">\n\t\t\t\t\t<h2 class=\"elementor-heading-title elementor-size-default\">Descubre a pie o con veh\u00edculo privado lo esencial de Madrid. Disfruta conmigo de la belleza\ny el encanto de una ciudad \u00fanica.\n<br><br><b>Puedo adaptar cualquier visita a tus preferencias e\n\nintereses. No dudes en consultarme.<\/b><\/h2>\t\t\t\t<\/div>\n\t\t\t\t\t<\/div>\n\t\t\t\t<\/div>\n\t\t<div class=\"elementor-element elementor-element-98b45b8 e-con-full e-flex e-con e-parent\" data-id=\"98b45b8\" data-element_type=\"container\" data-e-type=\"container\" data-settings=\"{&quot;background_background&quot;:&quot;classic&quot;}\">\n\t\t\t\t<div class=\"elementor-element elementor-element-5ff6d50 elementor-widget elementor-widget-togo-trip-grid\" data-id=\"5ff6d50\" data-element_type=\"widget\" data-e-type=\"widget\" data-widget_type=\"togo-trip-grid.default\">\n\t\t\t\t<div class=\"elementor-widget-container\">\n\t\t\t\t\t<div class=\"togo-trip-grid togo-row togo-row-cols-xl-3 togo-row-cols-lg-3 togo-row-cols-md-3 togo-row-cols-sm-2 togo-row-cols-xs-1\"><article class=\"type-trip togo-column type-trip-grid-03\">\r\n    <div class=\"trip-inner\">\r\n                <div class=\"trip-thumbnail\"><a href=\"https:\/\/madridtoursbysara.com\/en\/togo_trip\/palacio-real-y-paseo-por-el-madrid-antiguo\/\"><img decoding=\"async\" src=\"https:\/\/madridtoursbysara.com\/wp-content\/uploads\/2025\/07\/royal-palace-1876479_1280-1-600x450.jpg\" alt=\"PALACIO REAL Y PASEO POR EL MADRID ANTIGUO\"><\/a><\/div>        <div class=\"trip-content\">\r\n\r\n            <h3 class=\"trip-title\"><a href=\"https:\/\/madridtoursbysara.com\/en\/togo_trip\/palacio-real-y-paseo-por-el-madrid-antiguo\/\" rel=\"bookmark\">PALACIO REAL Y PASEO POR EL MADRID ANTIGUO<\/a><\/h3>            <div class=\"trip-info\"><\/div>            <div class=\"trip-description\"><p>Home Tambi\u00e9n te puede interesar&#8230;<\/p><\/div>            <div class=\"trip-footer\">\r\n                                <div class=\"trip-price\"><span class=\"prefix\">from<\/span><span class=\"regular-price price\"><\/span><\/div>            <\/div>\r\n        <\/div>\r\n    <\/div>\r\n<\/article><article class=\"type-trip togo-column type-trip-grid-03\">\r\n    <div class=\"trip-inner\">\r\n                <div class=\"trip-thumbnail\"><a href=\"https:\/\/madridtoursbysara.com\/en\/togo_trip\/galeria-de-las-colecciones-reales-y-el-madrid-de-los-austrias\/\"><img decoding=\"async\" src=\"https:\/\/madridtoursbysara.com\/wp-content\/uploads\/2025\/07\/PXL_20250525_095637381.MP_-scaled-600x450.jpg\" alt=\"GALER\u00cdA DE LAS COLECCIONES REALES Y MADRID DE LOS AUSTRIAS\"><\/a><\/div>        <div class=\"trip-content\">\r\n\r\n            <h3 class=\"trip-title\"><a href=\"https:\/\/madridtoursbysara.com\/en\/togo_trip\/galeria-de-las-colecciones-reales-y-el-madrid-de-los-austrias\/\" rel=\"bookmark\">GALER\u00cdA DE LAS COLECCIONES REALES Y MADRID DE LOS AUSTRIAS<\/a><\/h3>            <div class=\"trip-info\"><\/div>            <div class=\"trip-description\"><p>Home Tambi\u00e9n te puede interesar&#8230;<\/p><\/div>            <div class=\"trip-footer\">\r\n                                <div class=\"trip-price\"><span class=\"prefix\">from<\/span><span class=\"regular-price price\"><\/span><\/div>            <\/div>\r\n        <\/div>\r\n    <\/div>\r\n<\/article><article class=\"type-trip togo-column type-trip-grid-03\">\r\n    <div class=\"trip-inner\">\r\n                <div class=\"trip-thumbnail\"><a href=\"https:\/\/madridtoursbysara.com\/en\/togo_trip\/barrios-del-viejo-madrid\/\"><img decoding=\"async\" src=\"https:\/\/madridtoursbysara.com\/wp-content\/uploads\/2025\/07\/IMG_20210302_180457_245-600x450.jpg\" alt=\"BARRIOS DEL VIEJO MADRID\"><\/a><\/div>        <div class=\"trip-content\">\r\n\r\n            <h3 class=\"trip-title\"><a href=\"https:\/\/madridtoursbysara.com\/en\/togo_trip\/barrios-del-viejo-madrid\/\" rel=\"bookmark\">BARRIOS DEL VIEJO MADRID<\/a><\/h3>            <div class=\"trip-info\"><\/div>            <div class=\"trip-description\"><p>Home Tambi\u00e9n te puede interesar&#8230;<\/p><\/div>            <div class=\"trip-footer\">\r\n                                <div class=\"trip-price\"><span class=\"prefix\">from<\/span><span class=\"regular-price price\"><\/span><\/div>            <\/div>\r\n        <\/div>\r\n    <\/div>\r\n<\/article><article class=\"type-trip togo-column type-trip-grid-03\">\r\n    <div class=\"trip-inner\">\r\n                <div class=\"trip-thumbnail\"><a href=\"https:\/\/madridtoursbysara.com\/en\/togo_trip\/madrid-impresindible-recorrido-en-coche-y-a-pie\/\"><img decoding=\"async\" src=\"https:\/\/madridtoursbysara.com\/wp-content\/uploads\/2025\/07\/IMG-20220209-WA0010-1-600x450.jpg\" alt=\"MADRID IMPRESCINDIBLE, RECORRIDO EN COCHE PRIVADO Y A PIE\"><\/a><\/div>        <div class=\"trip-content\">\r\n\r\n            <h3 class=\"trip-title\"><a href=\"https:\/\/madridtoursbysara.com\/en\/togo_trip\/madrid-impresindible-recorrido-en-coche-y-a-pie\/\" rel=\"bookmark\">MADRID IMPRESCINDIBLE, RECORRIDO EN COCHE PRIVADO Y A PIE<\/a><\/h3>            <div class=\"trip-info\"><\/div>            <div class=\"trip-description\"><p>Home Tambi\u00e9n te puede interesar&#8230;<\/p><\/div>            <div class=\"trip-footer\">\r\n                                <div class=\"trip-price\"><span class=\"prefix\">from<\/span><span class=\"regular-price price\"><\/span><\/div>            <\/div>\r\n        <\/div>\r\n    <\/div>\r\n<\/article><article class=\"type-trip togo-column type-trip-grid-03\">\r\n    <div class=\"trip-inner\">\r\n                <div class=\"trip-thumbnail\"><a href=\"https:\/\/madridtoursbysara.com\/en\/togo_trip\/el-museo-del-prado-y-el-paisaje-de-la-luz\/\"><img decoding=\"async\" src=\"https:\/\/madridtoursbysara.com\/wp-content\/uploads\/2025\/07\/puerta-de-alcala-located-madrid-spain-1-scaled-600x450.jpg\" alt=\"EL MUSEO DEL PRADO Y EL PAISAJE DE LA LUZ\"><\/a><\/div>        <div class=\"trip-content\">\r\n\r\n            <h3 class=\"trip-title\"><a href=\"https:\/\/madridtoursbysara.com\/en\/togo_trip\/el-museo-del-prado-y-el-paisaje-de-la-luz\/\" rel=\"bookmark\">EL MUSEO DEL PRADO Y EL PAISAJE DE LA LUZ<\/a><\/h3>            <div class=\"trip-info\"><\/div>            <div class=\"trip-description\"><p>Home Tambi\u00e9n te puede interesar&#8230;<\/p><\/div>            <div class=\"trip-footer\">\r\n                                <div class=\"trip-price\"><span class=\"prefix\">from<\/span><span class=\"regular-price price\"><\/span><\/div>            <\/div>\r\n        <\/div>\r\n    <\/div>\r\n<\/article><article class=\"type-trip togo-column type-trip-grid-03\">\r\n    <div class=\"trip-inner\">\r\n                <div class=\"trip-thumbnail\"><a href=\"https:\/\/madridtoursbysara.com\/en\/togo_trip\/madrid-esencial-a-pie\/\"><img decoding=\"async\" src=\"https:\/\/madridtoursbysara.com\/wp-content\/uploads\/2025\/07\/IMG_20230504_173843_470-scaled-600x450.jpg\" alt=\"MADRID ESENCIAL A PIE\"><\/a><\/div>        <div class=\"trip-content\">\r\n\r\n            <h3 class=\"trip-title\"><a href=\"https:\/\/madridtoursbysara.com\/en\/togo_trip\/madrid-esencial-a-pie\/\" rel=\"bookmark\">MADRID ESENCIAL A PIE<\/a><\/h3>            <div class=\"trip-info\"><\/div>            <div class=\"trip-description\"><p>Home Tambi\u00e9n te puede interesar&#8230;<\/p><\/div>            <div class=\"trip-footer\">\r\n                                <div class=\"trip-price\"><span class=\"prefix\">from<\/span><span class=\"regular-price price\"><\/span><\/div>            <\/div>\r\n        <\/div>\r\n    <\/div>\r\n<\/article><\/div>        <div class=\"itinerary-popup\"><\/div>\r\n    \t\t\t\t<\/div>\n\t\t\t\t<\/div>\n\t\t\t\t<div class=\"elementor-element elementor-element-90f9447 elementor-align-center elementor-invisible elementor-widget elementor-widget-button\" data-id=\"90f9447\" data-element_type=\"widget\" data-e-type=\"widget\" data-settings=\"{&quot;_animation&quot;:&quot;togo-fade-in-up&quot;}\" data-widget_type=\"button.default\">\n\t\t\t\t\t\t\t\t\t\t<a class=\"elementor-button elementor-button-link elementor-size-sm elementor-animation-grow\" href=\"https:\/\/madridtoursbysara.com\/contacto\/\">\n\t\t\t\t\t\t<span class=\"elementor-button-content-wrapper\">\n\t\t\t\t\t\t\t\t\t<span class=\"elementor-button-text\">CONTACTA Y RESERVA<\/span>\n\t\t\t\t\t<\/span>\n\t\t\t\t\t<\/a>\n\t\t\t\t\t\t\t\t<\/div>\n\t\t\t\t<\/div>\n\t\t\t\t<\/div>\n\t\t","protected":false},"excerpt":{"rendered":"<p>Tours en Madrid Descubre a pie o con veh\u00edculo privado lo esencial de Madrid. Disfruta conmigo de la belleza y el encanto de una ciudad \u00fanica. Puedo adaptar cualquier visita a tus preferencias e intereses. No dudes en consultarme. RUTA A PIE POR EL PATRIMONIO REAL: LA GALERIA DE LAS COLECCIONES REALES Y EL MADRID [&hellip;]<\/p>\n","protected":false},"author":1,"featured_media":0,"parent":0,"menu_order":0,"comment_status":"closed","ping_status":"closed","template":"elementor_header_footer","meta":{"footnotes":""},"class_list":["post-2273","page","type-page","status-publish","hentry"],"yoast_head":"<!-- This site is optimized with the Yoast SEO plugin v26.9 - https:\/\/yoast.com\/product\/yoast-seo-wordpress\/ -->\n<title>Mis tours - MadridToursbySara<\/title>\n<meta name=\"robots\" content=\"index, follow, max-snippet:-1, max-image-preview:large, max-video-preview:-1\" \/>\n<link rel=\"canonical\" href=\"https:\/\/madridtoursbysara.com\/en\/tours\/\" \/>\n<meta property=\"og:locale\" content=\"en_GB\" \/>\n<meta property=\"og:type\" content=\"article\" \/>\n<meta property=\"og:title\" content=\"Mis tours - MadridToursbySara\" \/>\n<meta property=\"og:description\" content=\"Tours en Madrid Descubre a pie o con veh\u00edculo privado lo esencial de Madrid. Disfruta conmigo de la belleza y el encanto de una ciudad \u00fanica. Puedo adaptar cualquier visita a tus preferencias e intereses. No dudes en consultarme. RUTA A PIE POR EL PATRIMONIO REAL: LA GALERIA DE LAS COLECCIONES REALES Y EL MADRID [&hellip;]\" \/>\n<meta property=\"og:url\" content=\"https:\/\/madridtoursbysara.com\/en\/tours\/\" \/>\n<meta property=\"og:site_name\" content=\"MadridToursbySara\" \/>\n<meta property=\"article:modified_time\" content=\"2025-11-10T17:54:41+00:00\" \/>\n<meta property=\"og:image\" content=\"https:\/\/madridtoursbysara.com\/wp-content\/uploads\/2025\/07\/PXL_20250525_095637381.MP_-scaled-600x450.jpg\" \/>\n<meta name=\"twitter:card\" content=\"summary_large_image\" \/>\n<meta name=\"twitter:label1\" content=\"Estimated reading time\" \/>\n\t<meta name=\"twitter:data1\" content=\"2 minutes\" \/>\n<script type=\"application\/ld+json\" class=\"yoast-schema-graph\">{\"@context\":\"https:\/\/schema.org\",\"@graph\":[{\"@type\":\"WebPage\",\"@id\":\"https:\/\/madridtoursbysara.com\/tours\/\",\"url\":\"https:\/\/madridtoursbysara.com\/tours\/\",\"name\":\"Mis tours - MadridToursbySara\",\"isPartOf\":{\"@id\":\"https:\/\/madridtoursbysara.com\/#website\"},\"primaryImageOfPage\":{\"@id\":\"https:\/\/madridtoursbysara.com\/tours\/#primaryimage\"},\"image\":{\"@id\":\"https:\/\/madridtoursbysara.com\/tours\/#primaryimage\"},\"thumbnailUrl\":\"https:\/\/madridtoursbysara.com\/wp-content\/uploads\/2025\/07\/PXL_20250525_095637381.MP_-scaled-600x450.jpg\",\"datePublished\":\"2025-04-09T07:04:36+00:00\",\"dateModified\":\"2025-11-10T17:54:41+00:00\",\"breadcrumb\":{\"@id\":\"https:\/\/madridtoursbysara.com\/tours\/#breadcrumb\"},\"inLanguage\":\"en-GB\",\"potentialAction\":[{\"@type\":\"ReadAction\",\"target\":[\"https:\/\/madridtoursbysara.com\/tours\/\"]}]},{\"@type\":\"ImageObject\",\"inLanguage\":\"en-GB\",\"@id\":\"https:\/\/madridtoursbysara.com\/tours\/#primaryimage\",\"url\":\"https:\/\/madridtoursbysara.com\/wp-content\/uploads\/2025\/07\/PXL_20250525_095637381.MP_-scaled-600x450.jpg\",\"contentUrl\":\"https:\/\/madridtoursbysara.com\/wp-content\/uploads\/2025\/07\/PXL_20250525_095637381.MP_-scaled-600x450.jpg\"},{\"@type\":\"BreadcrumbList\",\"@id\":\"https:\/\/madridtoursbysara.com\/tours\/#breadcrumb\",\"itemListElement\":[{\"@type\":\"ListItem\",\"position\":1,\"name\":\"Home\",\"item\":\"https:\/\/madridtoursbysara.com\/\"},{\"@type\":\"ListItem\",\"position\":2,\"name\":\"Mis tours\"}]},{\"@type\":\"WebSite\",\"@id\":\"https:\/\/madridtoursbysara.com\/#website\",\"url\":\"https:\/\/madridtoursbysara.com\/\",\"name\":\"MadridToursbySara\",\"description\":\"Tours guiados por Madrid y alrededores con Sara, gu\u00eda oficial. Arte, historia y cultura en espa\u00f1ol, ingl\u00e9s e italiano.\",\"potentialAction\":[{\"@type\":\"SearchAction\",\"target\":{\"@type\":\"EntryPoint\",\"urlTemplate\":\"https:\/\/madridtoursbysara.com\/?s={search_term_string}\"},\"query-input\":{\"@type\":\"PropertyValueSpecification\",\"valueRequired\":true,\"valueName\":\"search_term_string\"}}],\"inLanguage\":\"en-GB\"}]}<\/script>\n<!-- \/ Yoast SEO plugin. -->","yoast_head_json":{"title":"Mis tours - MadridToursbySara","robots":{"index":"index","follow":"follow","max-snippet":"max-snippet:-1","max-image-preview":"max-image-preview:large","max-video-preview":"max-video-preview:-1"},"canonical":"https:\/\/madridtoursbysara.com\/en\/tours\/","og_locale":"en_GB","og_type":"article","og_title":"Mis tours - MadridToursbySara","og_description":"Tours en Madrid Descubre a pie o con veh\u00edculo privado lo esencial de Madrid. Disfruta conmigo de la belleza y el encanto de una ciudad \u00fanica. Puedo adaptar cualquier visita a tus preferencias e intereses. No dudes en consultarme. RUTA A PIE POR EL PATRIMONIO REAL: LA GALERIA DE LAS COLECCIONES REALES Y EL MADRID [&hellip;]","og_url":"https:\/\/madridtoursbysara.com\/en\/tours\/","og_site_name":"MadridToursbySara","article_modified_time":"2025-11-10T17:54:41+00:00","og_image":[{"url":"https:\/\/madridtoursbysara.com\/wp-content\/uploads\/2025\/07\/PXL_20250525_095637381.MP_-scaled-600x450.jpg","type":"","width":"","height":""}],"twitter_card":"summary_large_image","twitter_misc":{"Estimated reading time":"2 minutes"},"schema":{"@context":"https:\/\/schema.org","@graph":[{"@type":"WebPage","@id":"https:\/\/madridtoursbysara.com\/tours\/","url":"https:\/\/madridtoursbysara.com\/tours\/","name":"Mis tours - MadridToursbySara","isPartOf":{"@id":"https:\/\/madridtoursbysara.com\/#website"},"primaryImageOfPage":{"@id":"https:\/\/madridtoursbysara.com\/tours\/#primaryimage"},"image":{"@id":"https:\/\/madridtoursbysara.com\/tours\/#primaryimage"},"thumbnailUrl":"https:\/\/madridtoursbysara.com\/wp-content\/uploads\/2025\/07\/PXL_20250525_095637381.MP_-scaled-600x450.jpg","datePublished":"2025-04-09T07:04:36+00:00","dateModified":"2025-11-10T17:54:41+00:00","breadcrumb":{"@id":"https:\/\/madridtoursbysara.com\/tours\/#breadcrumb"},"inLanguage":"en-GB","potentialAction":[{"@type":"ReadAction","target":["https:\/\/madridtoursbysara.com\/tours\/"]}]},{"@type":"ImageObject","inLanguage":"en-GB","@id":"https:\/\/madridtoursbysara.com\/tours\/#primaryimage","url":"https:\/\/madridtoursbysara.com\/wp-content\/uploads\/2025\/07\/PXL_20250525_095637381.MP_-scaled-600x450.jpg","contentUrl":"https:\/\/madridtoursbysara.com\/wp-content\/uploads\/2025\/07\/PXL_20250525_095637381.MP_-scaled-600x450.jpg"},{"@type":"BreadcrumbList","@id":"https:\/\/madridtoursbysara.com\/tours\/#breadcrumb","itemListElement":[{"@type":"ListItem","position":1,"name":"Home","item":"https:\/\/madridtoursbysara.com\/"},{"@type":"ListItem","position":2,"name":"Mis tours"}]},{"@type":"WebSite","@id":"https:\/\/madridtoursbysara.com\/#website","url":"https:\/\/madridtoursbysara.com\/","name":"MadridToursbySara","description":"Tours guiados por Madrid y alrededores con Sara, gu\u00eda oficial. Arte, historia y cultura en espa\u00f1ol, ingl\u00e9s e italiano.","potentialAction":[{"@type":"SearchAction","target":{"@type":"EntryPoint","urlTemplate":"https:\/\/madridtoursbysara.com\/?s={search_term_string}"},"query-input":{"@type":"PropertyValueSpecification","valueRequired":true,"valueName":"search_term_string"}}],"inLanguage":"en-GB"}]}},"_links":{"self":[{"href":"https:\/\/madridtoursbysara.com\/en\/wp-json\/wp\/v2\/pages\/2273","targetHints":{"allow":["GET"]}}],"collection":[{"href":"https:\/\/madridtoursbysara.com\/en\/wp-json\/wp\/v2\/pages"}],"about":[{"href":"https:\/\/madridtoursbysara.com\/en\/wp-json\/wp\/v2\/types\/page"}],"author":[{"embeddable":true,"href":"https:\/\/madridtoursbysara.com\/en\/wp-json\/wp\/v2\/users\/1"}],"replies":[{"embeddable":true,"href":"https:\/\/madridtoursbysara.com\/en\/wp-json\/wp\/v2\/comments?post=2273"}],"version-history":[{"count":24,"href":"https:\/\/madridtoursbysara.com\/en\/wp-json\/wp\/v2\/pages\/2273\/revisions"}],"predecessor-version":[{"id":7145,"href":"https:\/\/madridtoursbysara.com\/en\/wp-json\/wp\/v2\/pages\/2273\/revisions\/7145"}],"wp:attachment":[{"href":"https:\/\/madridtoursbysara.com\/en\/wp-json\/wp\/v2\/media?parent=2273"}],"curies":[{"name":"wp","href":"https:\/\/api.w.org\/{rel}","templated":true}]}}